{"id":4544,"date":"2025-01-17T23:46:22","date_gmt":"2025-01-17T23:46:22","guid":{"rendered":"https:\/\/nicolas.melichartrosts.cz\/domains\/nicolas.melichartrosts.cz\/?page_id=4544"},"modified":"2025-11-26T05:17:16","modified_gmt":"2025-11-26T05:17:16","slug":"rezervace-v-restauraci-melichar-trosts","status":"publish","type":"page","link":"https:\/\/nicolas.melichartrosts.cz\/domains\/nicolas.melichartrosts.cz\/cs\/rezervace-v-restauraci-melichar-trosts\/","title":{"rendered":"Rezervace v restauraci Melichar Trost\u2019s"},"content":{"rendered":"\t\t<div data-elementor-type=\"wp-page\" data-elementor-id=\"4544\" class=\"elementor elementor-4544\">\n\t\t\t\t\t\t<div class=\"elementor-section elementor-top-section elementor-element elementor-element-4089c53 elementor-section-stretched elementor-section-boxed elementor-section-height-default elementor-section-height-default\" data-id=\"4089c53\" data-element_type=\"section\" data-settings=\"{&quot;stretch_section&quot;:&quot;section-stretched&quot;}\">\n\t\t\t\t\t\t<div class=\"elementor-container elementor-column-gap-no\">\n\t\t\t\t\t<div class=\"elementor-column elementor-col-100 elementor-top-column elementor-element elementor-element-e40ef63\" data-id=\"e40ef63\" data-element_type=\"column\">\n\t\t\t<div class=\"elementor-widget-wrap elementor-element-populated\">\n\t\t\t\t\t\t<div class=\"elementor-element elementor-element-a9d9e21 elementor-widget elementor-widget-heading\" data-id=\"a9d9e21\" data-element_type=\"widget\" data-widget_type=\"heading.default\">\n\t\t\t\t<div class=\"elementor-widget-container\">\n\t\t\t\t\t<h1 class=\"elementor-heading-title elementor-size-default\">Rezervace v restauraci Melichar Trost\u2019s \u2013 Praha Mal\u00e1 Strana<\/h1>\t\t\t\t<\/div>\n\t\t\t\t<\/div>\n\t\t\t\t<div class=\"elementor-element elementor-element-2c0faf4 elementor-widget__width-initial elementor-widget elementor-widget-text-editor\" data-id=\"2c0faf4\" data-element_type=\"widget\" data-widget_type=\"text-editor.default\">\n\t\t\t\t<div class=\"elementor-widget-container\">\n\t\t\t\t\t\t\t\t\t<p>Hled\u00e1te <strong>ide\u00e1ln\u00ed m\u00edsto pro ve\u010de\u0159i, rodinnou oslavu nebo firemn\u00ed akci<\/strong>? Rezervujte si sv\u016fj <strong>st\u016fl v restauraci Melichar Trost\u2019s<\/strong> a u\u017eijte si <strong>autentickou \u010deskou i italskou kuchyni<\/strong> v <strong>historick\u00e9m prost\u0159ed\u00ed na Mal\u00e9 Stran\u011b<\/strong>.<\/p><p><strong>Najdete n\u00e1s v centru Prahy, jen p\u00e1r minut od Karlova mostu a Pra\u017esk\u00e9ho hradu.<\/strong><\/p><p><strong>Pod\u00edvejte se na na\u0161e <a href=\"https:\/\/nicolas.melichartrosts.cz\/domains\/nicolas.melichartrosts.cz\/menu\/\" rel=\"noopener\">menu<\/a> a vyberte si sv\u00e9 obl\u00edben\u00e9 speciality je\u0161t\u011b p\u0159ed n\u00e1v\u0161t\u011bvou!<\/strong><\/p>\t\t\t\t\t\t\t\t<\/div>\n\t\t\t\t<\/div>\n\t\t\t\t<div class=\"elementor-element elementor-element-6b6c8c0 elementor-widget elementor-widget-text-editor\" data-id=\"6b6c8c0\" data-element_type=\"widget\" data-widget_type=\"text-editor.default\">\n\t\t\t\t<div class=\"elementor-widget-container\">\n\t\t\t\t\t\t\t\t\t<h2><strong>Jak prov\u00e9st rezervaci?<\/strong><\/h2><p><strong>Rezervace stolu je rychl\u00e1 a snadn\u00e1!<\/strong> Sta\u010d\u00ed n\u00e1s kontaktovat telefonicky nebo e-mailem:<\/p><p><img class=\"emoji\" role=\"img\" draggable=\"false\" src=\"https:\/\/s.w.org\/images\/core\/emoji\/15.0.3\/svg\/1f4e7.svg\" alt=\"\ud83d\udce7\" \/> <strong>E-mail:<\/strong> <a href=\"mailto:melichartrost@gmail.com\">melichartrost@gmail.com<\/a><br \/><img class=\"emoji\" role=\"img\" draggable=\"false\" src=\"https:\/\/s.w.org\/images\/core\/emoji\/15.0.3\/svg\/1f4de.svg\" alt=\"\ud83d\udcde\" \/> <strong>Telefon:<\/strong> <a href=\"tel:+420608619407\">+420 608 619 407<\/a><\/p><p><strong>Chcete vid\u011bt v\u00edce? Pod\u00edvejte se na na\u0161i <a href=\"#galerie\" rel=\"noopener\">galerii<\/a>, kde najdete atmosf\u00e9ru na\u0161\u00ed restaurace.<\/strong><\/p><hr \/><h2><strong>Ubytov\u00e1n\u00ed v apartm\u00e1nech Melichar Trost\u2019s<\/strong><\/h2><p>Hled\u00e1te <strong>ubytov\u00e1n\u00ed v historick\u00e9m centru Prahy<\/strong>? M\u00e1me pro v\u00e1s \u0159e\u0161en\u00ed!<\/p><p><strong>P\u0159edstavujeme v\u00e1m na\u0161e dva stylov\u00e9 apartm\u00e1ny<\/strong>, kter\u00e9 se nach\u00e1zej\u00ed <strong>p\u0159\u00edmo nad Nicolas Barem na adrese Tr\u017ei\u0161t\u011b 10<\/strong> v srdci Mal\u00e9 Strany.<\/p><p><strong>Rezervujte sv\u016fj pobyt p\u0159es <a href=\"#\" rel=\"noopener\">Booking.com<\/a> a u\u017eijte si pobyt v historick\u00e9 Praze!<\/strong><\/p><p><strong>V\u00fdhody na\u0161ich apartm\u00e1n\u016f:<\/strong><br \/><img class=\"emoji\" role=\"img\" draggable=\"false\" src=\"https:\/\/s.w.org\/images\/core\/emoji\/15.0.3\/svg\/2714.svg\" alt=\"\u2714\" \/> Perfektn\u00ed poloha v centru Prahy<br \/><img class=\"emoji\" role=\"img\" draggable=\"false\" src=\"https:\/\/s.w.org\/images\/core\/emoji\/15.0.3\/svg\/2714.svg\" alt=\"\u2714\" \/> Stylov\u00fd interi\u00e9r a pohodl\u00ed<br \/><img class=\"emoji\" role=\"img\" draggable=\"false\" src=\"https:\/\/s.w.org\/images\/core\/emoji\/15.0.3\/svg\/2714.svg\" alt=\"\u2714\" \/> Skv\u011bl\u00e1 dostupnost k hlavn\u00edm pam\u00e1tk\u00e1m<\/p><p><strong>V\u00edce o na\u0161ich apartm\u00e1nech se dozv\u00edte na str\u00e1nce <a href=\"#apartmany\" rel=\"noopener\">Apartm\u00e1ny<\/a>.<\/strong><\/p><hr \/><h2><strong>Objevte dal\u0161\u00ed skv\u011bl\u00e9 podniky na Malostransk\u00e9m n\u00e1m\u011bst\u00ed!<\/strong><\/h2><p>Pokud hled\u00e1te dal\u0161\u00ed skv\u011bl\u00e1 m\u00edsta k posezen\u00ed a gastronomick\u00fdm z\u00e1\u017eitk\u016fm, doporu\u010dujeme nav\u0161t\u00edvit na\u0161e sestersk\u00e9 podniky:<\/p><ul><li><strong><a href=\"https:\/\/www.nicolasbar.cz\/\" target=\"_new\" rel=\"noopener\">Nicolas Bar<\/a><\/strong> \u2013 Stylov\u00fd bar s pr\u00e9miov\u00fdmi koktejly a v\u00ednem.<\/li><li><strong><a href=\"https:\/\/www.utrizlatychhvezd.cz\/\" target=\"_new\" rel=\"noopener\">U T\u0159\u00ed Zlat\u00fdch Hv\u011bzd<\/a><\/strong> \u2013 Tradi\u010dn\u00ed \u010desk\u00e1 restaurace s prvot\u0159\u00eddn\u00edmi specialitami.<\/li><\/ul><p><strong>P\u0159ij\u010fte si u\u017e\u00edt nezapomenutelnou atmosf\u00e9ru na\u0161ich podnik\u016f v srdci Prahy!<\/strong><\/p>\t\t\t\t\t\t\t\t<\/div>\n\t\t\t\t<\/div>\n\t\t\t\t\t<\/div>\n\t\t<\/div>\n\t\t\t\t\t<\/div>\n\t\t<\/div>\n\t\t\t\t<div class=\"elementor-section elementor-top-section elementor-element elementor-element-0c7cb09 elementor-section-stretched elementor-section-boxed elementor-section-height-default elementor-section-height-default\" data-id=\"0c7cb09\" data-element_type=\"section\" data-settings=\"{&quot;stretch_section&quot;:&quot;section-stretched&quot;}\">\n\t\t\t\t\t\t<div class=\"elementor-container elementor-column-gap-no\">\n\t\t\t\t\t<div class=\"elementor-column elementor-col-100 elementor-top-column elementor-element elementor-element-6ebbdd4\" data-id=\"6ebbdd4\" data-element_type=\"column\">\n\t\t\t<div class=\"elementor-widget-wrap\">\n\t\t\t\t\t\t\t<\/div>\n\t\t<\/div>\n\t\t\t\t\t<\/div>\n\t\t<\/div>\n\t\t<div class=\"elementor-element elementor-element-41f149d e-flex e-con-boxed e-con e-parent\" data-id=\"41f149d\" data-element_type=\"container\">\n\t\t\t\t\t<div class=\"e-con-inner\">\n\t\t\t\t<div class=\"elementor-element elementor-element-fc7639a elementor-widget elementor-widget-text-editor\" data-id=\"fc7639a\" data-element_type=\"widget\" data-widget_type=\"text-editor.default\">\n\t\t\t\t<div class=\"elementor-widget-container\">\n\t\t\t\t\t\t\t\t\t<div id=\"hors-hydra-e7e4b910-8291-11ef-8ace-c56a6c7273d6\"><\/div><script>\tvar _hors=[['eid','hydra-e7e4b910-8291-11ef-8ace-c56a6c7273d6'],['tagid','hors-hydra-e7e4b910-8291-11ef-8ace-c56a6c7273d6'],['width','100%'],['height',''],['foregroundColor',''],['backgroundColor',''],['linkColor',''],['errorColor',''],['primaryButtonForegroundColor',''],['primaryButtonBackgroundColor',''],['secondaryButtonForegroundColor',''],['secondaryButtonBackgroundColor','']];\t(function(d, t) { var e=d.createElement(t),s=d.getElementsByTagName(t)[0];\te.src = \"https:\/\/reservation.dish.co\/widget.js\";\ts.parentNode.insertBefore(e,s);\t}(document, 'script'));<\/script>\t\t\t\t\t\t\t\t<\/div>\n\t\t\t\t<\/div>\n\t\t\t\t\t<\/div>\n\t\t\t\t<\/div>\n\t\t\t\t<\/div>\n\t\t","protected":false},"excerpt":{"rendered":"<p>Rezervace v restauraci Melichar Trost\u2019s \u2013 Praha Mal\u00e1 Strana Hled\u00e1te ide\u00e1ln\u00ed m\u00edsto pro ve\u010de\u0159i, rodinnou oslavu nebo firemn\u00ed akci? Rezervujte si sv\u016fj st\u016fl v restauraci Melichar Trost\u2019s a u\u017eijte si autentickou \u010deskou i italskou kuchyni v historick\u00e9m prost\u0159ed\u00ed na Mal\u00e9 Stran\u011b. Najdete n\u00e1s v centru Prahy, jen p\u00e1r minut od Karlova mostu a Pra\u017esk\u00e9ho hradu. [&hellip;]<\/p>\n","protected":false},"author":1,"featured_media":4588,"parent":0,"menu_order":0,"comment_status":"closed","ping_status":"closed","template":"elementor_header_footer","meta":{"inline_featured_image":false,"footnotes":""},"class_list":["post-4544","page","type-page","status-publish","has-post-thumbnail","hentry"],"yoast_head":"<!-- This site is optimized with the Yoast SEO plugin v24.5 - https:\/\/yoast.com\/wordpress\/plugins\/seo\/ -->\n<title>Rezervace v restauraci Melichar Trost\u2019s | Melichar Trost&#039;s<\/title>\n<meta name=\"description\" content=\"Rezervujte si st\u016fl v restauraci Melichar Trost\u2019s na Mal\u00e9 Stran\u011b. Skv\u011bl\u00e9 m\u00edsto pro romantick\u00e9 ve\u010de\u0159e, rodinn\u00e9 oslavy a firemn\u00ed akce. Nab\u00edz\u00edme tak\u00e9 stylov\u00e9 apartm\u00e1ny v historick\u00e9m centru Prahy!\" \/>\n<meta name=\"robots\" content=\"index, follow, max-snippet:-1, max-image-preview:large, max-video-preview:-1\" \/>\n<link rel=\"canonical\" href=\"https:\/\/nicolas.melichartrosts.cz\/domains\/nicolas.melichartrosts.cz\/cs\/rezervace-v-restauraci-melichar-trosts\/\" \/>\n<meta property=\"og:locale\" content=\"cs_CZ\" \/>\n<meta property=\"og:type\" content=\"article\" \/>\n<meta property=\"og:title\" content=\"Rezervace v restauraci Melichar Trost\u2019s | Melichar Trost&#039;s\" \/>\n<meta property=\"og:description\" content=\"Rezervujte si st\u016fl v restauraci Melichar Trost\u2019s na Mal\u00e9 Stran\u011b. Skv\u011bl\u00e9 m\u00edsto pro romantick\u00e9 ve\u010de\u0159e, rodinn\u00e9 oslavy a firemn\u00ed akce. Nab\u00edz\u00edme tak\u00e9 stylov\u00e9 apartm\u00e1ny v historick\u00e9m centru Prahy!\" \/>\n<meta property=\"og:url\" content=\"https:\/\/nicolas.melichartrosts.cz\/domains\/nicolas.melichartrosts.cz\/cs\/rezervace-v-restauraci-melichar-trosts\/\" \/>\n<meta property=\"og:site_name\" content=\"Melichar Trost&#039;s\" \/>\n<meta property=\"article:publisher\" content=\"https:\/\/www.facebook.com\/profile.php?id=61559319917941\" \/>\n<meta property=\"article:modified_time\" content=\"2025-11-26T05:17:16+00:00\" \/>\n<meta property=\"og:image\" content=\"https:\/\/nicolas.melichartrosts.cz\/domains\/nicolas.melichartrosts.cz\/wp-content\/uploads\/2025\/01\/og.jpg\" \/>\n\t<meta property=\"og:image:width\" content=\"1200\" \/>\n\t<meta property=\"og:image:height\" content=\"675\" \/>\n\t<meta property=\"og:image:type\" content=\"image\/jpeg\" \/>\n<meta name=\"twitter:card\" content=\"summary_large_image\" \/>\n<meta name=\"twitter:label1\" content=\"Odhadovan\u00e1 doba \u010dten\u00ed\" \/>\n\t<meta name=\"twitter:data1\" content=\"3 minuty\" \/>\n<script type=\"application\/ld+json\" class=\"yoast-schema-graph\">{\"@context\":\"https:\/\/schema.org\",\"@graph\":[{\"@type\":\"WebPage\",\"@id\":\"https:\/\/nicolas.melichartrosts.cz\/domains\/nicolas.melichartrosts.cz\/cs\/rezervace-v-restauraci-melichar-trosts\/\",\"url\":\"https:\/\/nicolas.melichartrosts.cz\/domains\/nicolas.melichartrosts.cz\/cs\/rezervace-v-restauraci-melichar-trosts\/\",\"name\":\"Rezervace v restauraci Melichar Trost\u2019s | Melichar Trost&#039;s\",\"isPartOf\":{\"@id\":\"https:\/\/nicolas.melichartrosts.cz\/domains\/nicolas.melichartrosts.cz\/#website\"},\"primaryImageOfPage\":{\"@id\":\"https:\/\/nicolas.melichartrosts.cz\/domains\/nicolas.melichartrosts.cz\/cs\/rezervace-v-restauraci-melichar-trosts\/#primaryimage\"},\"image\":{\"@id\":\"https:\/\/nicolas.melichartrosts.cz\/domains\/nicolas.melichartrosts.cz\/cs\/rezervace-v-restauraci-melichar-trosts\/#primaryimage\"},\"thumbnailUrl\":\"https:\/\/nicolas.melichartrosts.cz\/domains\/nicolas.melichartrosts.cz\/wp-content\/uploads\/2025\/01\/og.jpg\",\"datePublished\":\"2025-01-17T23:46:22+00:00\",\"dateModified\":\"2025-11-26T05:17:16+00:00\",\"description\":\"Rezervujte si st\u016fl v restauraci Melichar Trost\u2019s na Mal\u00e9 Stran\u011b. Skv\u011bl\u00e9 m\u00edsto pro romantick\u00e9 ve\u010de\u0159e, rodinn\u00e9 oslavy a firemn\u00ed akce. Nab\u00edz\u00edme tak\u00e9 stylov\u00e9 apartm\u00e1ny v historick\u00e9m centru Prahy!\",\"breadcrumb\":{\"@id\":\"https:\/\/nicolas.melichartrosts.cz\/domains\/nicolas.melichartrosts.cz\/cs\/rezervace-v-restauraci-melichar-trosts\/#breadcrumb\"},\"inLanguage\":\"cs\",\"potentialAction\":[{\"@type\":\"ReadAction\",\"target\":[\"https:\/\/nicolas.melichartrosts.cz\/domains\/nicolas.melichartrosts.cz\/cs\/rezervace-v-restauraci-melichar-trosts\/\"]}]},{\"@type\":\"ImageObject\",\"inLanguage\":\"cs\",\"@id\":\"https:\/\/nicolas.melichartrosts.cz\/domains\/nicolas.melichartrosts.cz\/cs\/rezervace-v-restauraci-melichar-trosts\/#primaryimage\",\"url\":\"https:\/\/nicolas.melichartrosts.cz\/domains\/nicolas.melichartrosts.cz\/wp-content\/uploads\/2025\/01\/og.jpg\",\"contentUrl\":\"https:\/\/nicolas.melichartrosts.cz\/domains\/nicolas.melichartrosts.cz\/wp-content\/uploads\/2025\/01\/og.jpg\",\"width\":1200,\"height\":675,\"caption\":\"OG Logo\"},{\"@type\":\"BreadcrumbList\",\"@id\":\"https:\/\/nicolas.melichartrosts.cz\/domains\/nicolas.melichartrosts.cz\/cs\/rezervace-v-restauraci-melichar-trosts\/#breadcrumb\",\"itemListElement\":[{\"@type\":\"ListItem\",\"position\":1,\"name\":\"Dom\u016f\",\"item\":\"https:\/\/nicolas.melichartrosts.cz\/domains\/nicolas.melichartrosts.cz\/cs\/\"},{\"@type\":\"ListItem\",\"position\":2,\"name\":\"Rezervace v restauraci Melichar Trost\u2019s\"}]},{\"@type\":\"WebSite\",\"@id\":\"https:\/\/nicolas.melichartrosts.cz\/domains\/nicolas.melichartrosts.cz\/#website\",\"url\":\"https:\/\/nicolas.melichartrosts.cz\/domains\/nicolas.melichartrosts.cz\/\",\"name\":\"Melichar Trost's \u2013 Restaurace & Apartm\u00e1ny v Praze\",\"description\":\"\u00datuln\u00e1 restaurace s \u010deskou a italskou kuchyn\u00ed a t\u0159emi apartm\u00e1ny na Mal\u00e9 Stran\u011b, Praha.\",\"publisher\":{\"@id\":\"https:\/\/nicolas.melichartrosts.cz\/domains\/nicolas.melichartrosts.cz\/#organization\"},\"alternateName\":\"Melichar Trost's\",\"potentialAction\":[{\"@type\":\"SearchAction\",\"target\":{\"@type\":\"EntryPoint\",\"urlTemplate\":\"https:\/\/nicolas.melichartrosts.cz\/domains\/nicolas.melichartrosts.cz\/?s={search_term_string}\"},\"query-input\":{\"@type\":\"PropertyValueSpecification\",\"valueRequired\":true,\"valueName\":\"search_term_string\"}}],\"inLanguage\":\"cs\"},{\"@type\":\"Organization\",\"@id\":\"https:\/\/nicolas.melichartrosts.cz\/domains\/nicolas.melichartrosts.cz\/#organization\",\"name\":\"Melichar Trost's\",\"url\":\"https:\/\/nicolas.melichartrosts.cz\/domains\/nicolas.melichartrosts.cz\/\",\"logo\":{\"@type\":\"ImageObject\",\"inLanguage\":\"cs\",\"@id\":\"https:\/\/nicolas.melichartrosts.cz\/domains\/nicolas.melichartrosts.cz\/#\/schema\/logo\/image\/\",\"url\":\"https:\/\/nicolas.melichartrosts.cz\/domains\/nicolas.melichartrosts.cz\/wp-content\/uploads\/2025\/01\/orel_white.png\",\"contentUrl\":\"https:\/\/nicolas.melichartrosts.cz\/domains\/nicolas.melichartrosts.cz\/wp-content\/uploads\/2025\/01\/orel_white.png\",\"width\":3200,\"height\":1800,\"caption\":\"Melichar Trost's\"},\"image\":{\"@id\":\"https:\/\/nicolas.melichartrosts.cz\/domains\/nicolas.melichartrosts.cz\/#\/schema\/logo\/image\/\"},\"sameAs\":[\"https:\/\/www.facebook.com\/profile.php?id=61559319917941\",\"https:\/\/www.instagram.com\/melichartrost\/\"]}]}<\/script>\n<!-- \/ Yoast SEO plugin. -->","yoast_head_json":{"title":"Rezervace v restauraci Melichar Trost\u2019s | Melichar Trost&#039;s","description":"Rezervujte si st\u016fl v restauraci Melichar Trost\u2019s na Mal\u00e9 Stran\u011b. Skv\u011bl\u00e9 m\u00edsto pro romantick\u00e9 ve\u010de\u0159e, rodinn\u00e9 oslavy a firemn\u00ed akce. Nab\u00edz\u00edme tak\u00e9 stylov\u00e9 apartm\u00e1ny v historick\u00e9m centru Prahy!","robots":{"index":"index","follow":"follow","max-snippet":"max-snippet:-1","max-image-preview":"max-image-preview:large","max-video-preview":"max-video-preview:-1"},"canonical":"https:\/\/nicolas.melichartrosts.cz\/domains\/nicolas.melichartrosts.cz\/cs\/rezervace-v-restauraci-melichar-trosts\/","og_locale":"cs_CZ","og_type":"article","og_title":"Rezervace v restauraci Melichar Trost\u2019s | Melichar Trost&#039;s","og_description":"Rezervujte si st\u016fl v restauraci Melichar Trost\u2019s na Mal\u00e9 Stran\u011b. Skv\u011bl\u00e9 m\u00edsto pro romantick\u00e9 ve\u010de\u0159e, rodinn\u00e9 oslavy a firemn\u00ed akce. Nab\u00edz\u00edme tak\u00e9 stylov\u00e9 apartm\u00e1ny v historick\u00e9m centru Prahy!","og_url":"https:\/\/nicolas.melichartrosts.cz\/domains\/nicolas.melichartrosts.cz\/cs\/rezervace-v-restauraci-melichar-trosts\/","og_site_name":"Melichar Trost&#039;s","article_publisher":"https:\/\/www.facebook.com\/profile.php?id=61559319917941","article_modified_time":"2025-11-26T05:17:16+00:00","og_image":[{"width":1200,"height":675,"url":"https:\/\/nicolas.melichartrosts.cz\/domains\/nicolas.melichartrosts.cz\/wp-content\/uploads\/2025\/01\/og.jpg","type":"image\/jpeg"}],"twitter_card":"summary_large_image","twitter_misc":{"Odhadovan\u00e1 doba \u010dten\u00ed":"3 minuty"},"schema":{"@context":"https:\/\/schema.org","@graph":[{"@type":"WebPage","@id":"https:\/\/nicolas.melichartrosts.cz\/domains\/nicolas.melichartrosts.cz\/cs\/rezervace-v-restauraci-melichar-trosts\/","url":"https:\/\/nicolas.melichartrosts.cz\/domains\/nicolas.melichartrosts.cz\/cs\/rezervace-v-restauraci-melichar-trosts\/","name":"Rezervace v restauraci Melichar Trost\u2019s | Melichar Trost&#039;s","isPartOf":{"@id":"https:\/\/nicolas.melichartrosts.cz\/domains\/nicolas.melichartrosts.cz\/#website"},"primaryImageOfPage":{"@id":"https:\/\/nicolas.melichartrosts.cz\/domains\/nicolas.melichartrosts.cz\/cs\/rezervace-v-restauraci-melichar-trosts\/#primaryimage"},"image":{"@id":"https:\/\/nicolas.melichartrosts.cz\/domains\/nicolas.melichartrosts.cz\/cs\/rezervace-v-restauraci-melichar-trosts\/#primaryimage"},"thumbnailUrl":"https:\/\/nicolas.melichartrosts.cz\/domains\/nicolas.melichartrosts.cz\/wp-content\/uploads\/2025\/01\/og.jpg","datePublished":"2025-01-17T23:46:22+00:00","dateModified":"2025-11-26T05:17:16+00:00","description":"Rezervujte si st\u016fl v restauraci Melichar Trost\u2019s na Mal\u00e9 Stran\u011b. Skv\u011bl\u00e9 m\u00edsto pro romantick\u00e9 ve\u010de\u0159e, rodinn\u00e9 oslavy a firemn\u00ed akce. Nab\u00edz\u00edme tak\u00e9 stylov\u00e9 apartm\u00e1ny v historick\u00e9m centru Prahy!","breadcrumb":{"@id":"https:\/\/nicolas.melichartrosts.cz\/domains\/nicolas.melichartrosts.cz\/cs\/rezervace-v-restauraci-melichar-trosts\/#breadcrumb"},"inLanguage":"cs","potentialAction":[{"@type":"ReadAction","target":["https:\/\/nicolas.melichartrosts.cz\/domains\/nicolas.melichartrosts.cz\/cs\/rezervace-v-restauraci-melichar-trosts\/"]}]},{"@type":"ImageObject","inLanguage":"cs","@id":"https:\/\/nicolas.melichartrosts.cz\/domains\/nicolas.melichartrosts.cz\/cs\/rezervace-v-restauraci-melichar-trosts\/#primaryimage","url":"https:\/\/nicolas.melichartrosts.cz\/domains\/nicolas.melichartrosts.cz\/wp-content\/uploads\/2025\/01\/og.jpg","contentUrl":"https:\/\/nicolas.melichartrosts.cz\/domains\/nicolas.melichartrosts.cz\/wp-content\/uploads\/2025\/01\/og.jpg","width":1200,"height":675,"caption":"OG Logo"},{"@type":"BreadcrumbList","@id":"https:\/\/nicolas.melichartrosts.cz\/domains\/nicolas.melichartrosts.cz\/cs\/rezervace-v-restauraci-melichar-trosts\/#breadcrumb","itemListElement":[{"@type":"ListItem","position":1,"name":"Dom\u016f","item":"https:\/\/nicolas.melichartrosts.cz\/domains\/nicolas.melichartrosts.cz\/cs\/"},{"@type":"ListItem","position":2,"name":"Rezervace v restauraci Melichar Trost\u2019s"}]},{"@type":"WebSite","@id":"https:\/\/nicolas.melichartrosts.cz\/domains\/nicolas.melichartrosts.cz\/#website","url":"https:\/\/nicolas.melichartrosts.cz\/domains\/nicolas.melichartrosts.cz\/","name":"Melichar Trost's \u2013 Restaurace & Apartm\u00e1ny v Praze","description":"\u00datuln\u00e1 restaurace s \u010deskou a italskou kuchyn\u00ed a t\u0159emi apartm\u00e1ny na Mal\u00e9 Stran\u011b, Praha.","publisher":{"@id":"https:\/\/nicolas.melichartrosts.cz\/domains\/nicolas.melichartrosts.cz\/#organization"},"alternateName":"Melichar Trost's","potentialAction":[{"@type":"SearchAction","target":{"@type":"EntryPoint","urlTemplate":"https:\/\/nicolas.melichartrosts.cz\/domains\/nicolas.melichartrosts.cz\/?s={search_term_string}"},"query-input":{"@type":"PropertyValueSpecification","valueRequired":true,"valueName":"search_term_string"}}],"inLanguage":"cs"},{"@type":"Organization","@id":"https:\/\/nicolas.melichartrosts.cz\/domains\/nicolas.melichartrosts.cz\/#organization","name":"Melichar Trost's","url":"https:\/\/nicolas.melichartrosts.cz\/domains\/nicolas.melichartrosts.cz\/","logo":{"@type":"ImageObject","inLanguage":"cs","@id":"https:\/\/nicolas.melichartrosts.cz\/domains\/nicolas.melichartrosts.cz\/#\/schema\/logo\/image\/","url":"https:\/\/nicolas.melichartrosts.cz\/domains\/nicolas.melichartrosts.cz\/wp-content\/uploads\/2025\/01\/orel_white.png","contentUrl":"https:\/\/nicolas.melichartrosts.cz\/domains\/nicolas.melichartrosts.cz\/wp-content\/uploads\/2025\/01\/orel_white.png","width":3200,"height":1800,"caption":"Melichar Trost's"},"image":{"@id":"https:\/\/nicolas.melichartrosts.cz\/domains\/nicolas.melichartrosts.cz\/#\/schema\/logo\/image\/"},"sameAs":["https:\/\/www.facebook.com\/profile.php?id=61559319917941","https:\/\/www.instagram.com\/melichartrost\/"]}]}},"lang":"cs","translations":{"cs":4544,"es":4976,"en":4972,"de":4973,"fr":4974,"it":4975},"pll_sync_post":[],"_links":{"self":[{"href":"https:\/\/nicolas.melichartrosts.cz\/domains\/nicolas.melichartrosts.cz\/wp-json\/wp\/v2\/pages\/4544","targetHints":{"allow":["GET"]}}],"collection":[{"href":"https:\/\/nicolas.melichartrosts.cz\/domains\/nicolas.melichartrosts.cz\/wp-json\/wp\/v2\/pages"}],"about":[{"href":"https:\/\/nicolas.melichartrosts.cz\/domains\/nicolas.melichartrosts.cz\/wp-json\/wp\/v2\/types\/page"}],"author":[{"embeddable":true,"href":"https:\/\/nicolas.melichartrosts.cz\/domains\/nicolas.melichartrosts.cz\/wp-json\/wp\/v2\/users\/1"}],"replies":[{"embeddable":true,"href":"https:\/\/nicolas.melichartrosts.cz\/domains\/nicolas.melichartrosts.cz\/wp-json\/wp\/v2\/comments?post=4544"}],"version-history":[{"count":20,"href":"https:\/\/nicolas.melichartrosts.cz\/domains\/nicolas.melichartrosts.cz\/wp-json\/wp\/v2\/pages\/4544\/revisions"}],"predecessor-version":[{"id":5440,"href":"https:\/\/nicolas.melichartrosts.cz\/domains\/nicolas.melichartrosts.cz\/wp-json\/wp\/v2\/pages\/4544\/revisions\/5440"}],"wp:featuredmedia":[{"embeddable":true,"href":"https:\/\/nicolas.melichartrosts.cz\/domains\/nicolas.melichartrosts.cz\/wp-json\/wp\/v2\/media\/4588"}],"wp:attachment":[{"href":"https:\/\/nicolas.melichartrosts.cz\/domains\/nicolas.melichartrosts.cz\/wp-json\/wp\/v2\/media?parent=4544"}],"curies":[{"name":"wp","href":"https:\/\/api.w.org\/{rel}","templated":true}]}}