{"id":4972,"date":"2025-03-02T20:12:44","date_gmt":"2025-03-02T20:12:44","guid":{"rendered":"https:\/\/nicolas.melichartrosts.cz\/domains\/nicolas.melichartrosts.cz\/?page_id=4972"},"modified":"2025-12-02T00:24:16","modified_gmt":"2025-12-02T00:24:16","slug":"reservation-at-melichar-trosts-restaurant","status":"publish","type":"page","link":"https:\/\/nicolas.melichartrosts.cz\/domains\/nicolas.melichartrosts.cz\/en\/reservation-at-melichar-trosts-restaurant\/","title":{"rendered":"Reservation at Melichar Trost\u2019s Restaurant"},"content":{"rendered":"\t\t<div data-elementor-type=\"wp-page\" data-elementor-id=\"4972\" class=\"elementor elementor-4972\">\n\t\t\t\t\t\t<div class=\"elementor-section elementor-top-section elementor-element elementor-element-4089c53 elementor-section-stretched elementor-section-boxed elementor-section-height-default elementor-section-height-default\" data-id=\"4089c53\" data-element_type=\"section\" data-settings=\"{&quot;stretch_section&quot;:&quot;section-stretched&quot;}\">\n\t\t\t\t\t\t<div class=\"elementor-container elementor-column-gap-no\">\n\t\t\t\t\t<div class=\"elementor-column elementor-col-100 elementor-top-column elementor-element elementor-element-e40ef63\" data-id=\"e40ef63\" data-element_type=\"column\">\n\t\t\t<div class=\"elementor-widget-wrap elementor-element-populated\">\n\t\t\t\t\t\t<div class=\"elementor-element elementor-element-a9d9e21 elementor-widget elementor-widget-heading\" data-id=\"a9d9e21\" data-element_type=\"widget\" data-widget_type=\"heading.default\">\n\t\t\t\t<div class=\"elementor-widget-container\">\n\t\t\t\t\t<h1 class=\"elementor-heading-title elementor-size-default\">Reservations at Melichar Trost\u2019s Restaurant \u2013 Prague Mal\u00e1 Strana<\/h1>\t\t\t\t<\/div>\n\t\t\t\t<\/div>\n\t\t\t\t<div class=\"elementor-element elementor-element-2c0faf4 elementor-widget__width-initial elementor-widget elementor-widget-text-editor\" data-id=\"2c0faf4\" data-element_type=\"widget\" data-widget_type=\"text-editor.default\">\n\t\t\t\t<div class=\"elementor-widget-container\">\n\t\t\t\t\t\t\t\t\t<p data-start=\"34\" data-end=\"337\">Looking for the perfect place for dinner, a family celebration, or a corporate event? Book your table at <strong data-start=\"210\" data-end=\"241\">Melichar Trost\u2019s Restaurant<\/strong> and enjoy authentic <strong data-start=\"262\" data-end=\"271\">Czech<\/strong> and <strong data-start=\"276\" data-end=\"295\">Italian cuisine<\/strong> in the historic heart of <strong data-start=\"321\" data-end=\"336\">Mal\u00e1 Strana<\/strong>.<\/p><p data-start=\"339\" data-end=\"437\"><strong data-start=\"342\" data-end=\"384\">We are located in the center of Prague<\/strong>, just minutes from Charles Bridge and Prague Castle.<\/p><p data-start=\"439\" data-end=\"514\"><strong data-start=\"442\" data-end=\"464\">Check out our <a href=\"https:\/\/nicolas.melichartrosts.cz\/domains\/nicolas.melichartrosts.cz\/en\/menu-of-melichar-trosts-restaurant\/\">menu<\/a><\/strong> and choose your favorite dishes before you visit!<\/p>\t\t\t\t\t\t\t\t<\/div>\n\t\t\t\t<\/div>\n\t\t\t\t<div class=\"elementor-element elementor-element-6b6c8c0 elementor-widget elementor-widget-text-editor\" data-id=\"6b6c8c0\" data-element_type=\"widget\" data-widget_type=\"text-editor.default\">\n\t\t\t\t<div class=\"elementor-widget-container\">\n\t\t\t\t\t\t\t\t\t<h2 data-start=\"516\" data-end=\"552\"><strong data-start=\"520\" data-end=\"550\">How to Make a Reservation?<\/strong><\/h2><p data-start=\"553\" data-end=\"631\"><strong data-start=\"556\" data-end=\"594\">Booking a table is quick and easy!<\/strong> Simply contact us by phone or email:<\/p><p><img class=\"emoji\" role=\"img\" draggable=\"false\" src=\"https:\/\/s.w.org\/images\/core\/emoji\/15.0.3\/svg\/1f4e7.svg\" alt=\"\ud83d\udce7\" \/> <strong>E-mail:<\/strong> <a href=\"mailto:melichartrost@gmail.com\">melichartrost@gmail.com<\/a><br \/><img class=\"emoji\" role=\"img\" draggable=\"false\" src=\"https:\/\/s.w.org\/images\/core\/emoji\/15.0.3\/svg\/1f4de.svg\" alt=\"\ud83d\udcde\" \/> <strong>Telefon:<\/strong> <a href=\"tel:+420608619407\">+420 608 619 407<\/a><\/p><p><strong data-start=\"709\" data-end=\"730\">Want to see more?<\/strong> Visit our <a href=\"https:\/\/nicolas.melichartrosts.cz\/domains\/nicolas.melichartrosts.cz\/en\/gallery-of-melichar-trosts-restaurant\/\">gallery<\/a> to experience the atmosphere of our restaurant.<\/p><h2 data-start=\"803\" data-end=\"857\"><strong data-start=\"807\" data-end=\"855\">Accommodation at Melichar Trost\u2019s Apartments<\/strong><\/h2><p data-start=\"858\" data-end=\"947\">Looking for accommodation in the historic center of Prague? We have the solution for you!<\/p><p data-start=\"949\" data-end=\"1078\">We offer <strong data-start=\"961\" data-end=\"987\">two stylish apartments<\/strong> located directly above <strong data-start=\"1011\" data-end=\"1026\">Nicolas Bar<\/strong> at <strong data-start=\"1030\" data-end=\"1044\">Tr\u017ei\u0161t\u011b 10<\/strong>, in the heart of <strong data-start=\"1062\" data-end=\"1077\">Mal\u00e1 Strana<\/strong>.<\/p><p data-start=\"1080\" data-end=\"1157\"><strong data-start=\"1083\" data-end=\"1117\">Book your stay via Booking.com<\/strong> and enjoy your stay in historic Prague!<\/p><h3 data-start=\"1159\" data-end=\"1308\"><strong data-start=\"1162\" data-end=\"1193\">Benefits of our apartments:<\/strong><\/h3><p data-start=\"1159\" data-end=\"1308\">\u2714 Perfect location in the heart of Prague<br data-start=\"1237\" data-end=\"1240\" \/>\u2714 Stylish interior and comfort<br data-start=\"1270\" data-end=\"1273\" \/>\u2714 Great access to major landmarks<\/p><p data-start=\"1310\" data-end=\"1372\">Learn more about our apartments on the <a href=\"https:\/\/nicolas.melichartrosts.cz\/domains\/nicolas.melichartrosts.cz\/en\/melichar-trosts-apartments\/\"><strong data-start=\"1352\" data-end=\"1366\">Apartments<\/strong><\/a> page.<\/p><h2 data-start=\"1379\" data-end=\"1439\"><strong data-start=\"1383\" data-end=\"1437\">Discover More Great Venues in Malostransk\u00e9 Square!<\/strong><\/h2><p data-start=\"1440\" data-end=\"1546\">If you&#8217;re looking for more great spots for dining and relaxing, we recommend visiting our sister venues:<\/p><ul><li><strong><a href=\"https:\/\/www.nicolasbar.cz\/\" target=\"_new\" rel=\"noopener\">Nicolas Bar<\/a><\/strong> \u2013 Stylov\u00fd bar s pr\u00e9miov\u00fdmi koktejly a v\u00ednem.<\/li><li><strong><a href=\"https:\/\/www.utrizlatychhvezd.cz\/\" target=\"_new\" rel=\"noopener\">U T\u0159\u00ed Zlat\u00fdch Hv\u011bzd<\/a><\/strong> \u2013 Tradi\u010dn\u00ed \u010desk\u00e1 restaurace s prvot\u0159\u00eddn\u00edmi specialitami.<\/li><\/ul><p>Come and enjoy the unforgettable atmosphere of our venues in the heart of Prague!<\/p>\t\t\t\t\t\t\t\t<\/div>\n\t\t\t\t<\/div>\n\t\t\t\t\t<\/div>\n\t\t<\/div>\n\t\t\t\t\t<\/div>\n\t\t<\/div>\n\t\t\t\t<div class=\"elementor-section elementor-top-section elementor-element elementor-element-0c7cb09 elementor-section-stretched elementor-section-boxed elementor-section-height-default elementor-section-height-default\" data-id=\"0c7cb09\" data-element_type=\"section\" data-settings=\"{&quot;stretch_section&quot;:&quot;section-stretched&quot;}\">\n\t\t\t\t\t\t<div class=\"elementor-container elementor-column-gap-no\">\n\t\t\t\t\t<div class=\"elementor-column elementor-col-100 elementor-top-column elementor-element elementor-element-6ebbdd4\" data-id=\"6ebbdd4\" data-element_type=\"column\">\n\t\t\t<div class=\"elementor-widget-wrap\">\n\t\t\t\t\t\t\t<\/div>\n\t\t<\/div>\n\t\t\t\t\t<\/div>\n\t\t<\/div>\n\t\t<div class=\"elementor-element elementor-element-41f149d e-flex e-con-boxed e-con e-parent\" data-id=\"41f149d\" data-element_type=\"container\">\n\t\t\t\t\t<div class=\"e-con-inner\">\n\t\t\t\t<div class=\"elementor-element elementor-element-fc7639a elementor-widget elementor-widget-text-editor\" data-id=\"fc7639a\" data-element_type=\"widget\" data-widget_type=\"text-editor.default\">\n\t\t\t\t<div class=\"elementor-widget-container\">\n\t\t\t\t\t\t\t\t\t<div id=\"hors-hydra-e7e4b910-8291-11ef-8ace-c56a6c7273d6\"><\/div><script>\tvar _hors=[['eid','hydra-e7e4b910-8291-11ef-8ace-c56a6c7273d6'],['tagid','hors-hydra-e7e4b910-8291-11ef-8ace-c56a6c7273d6'],['width','100%'],['height',''],['foregroundColor',''],['backgroundColor',''],['linkColor',''],['errorColor',''],['primaryButtonForegroundColor',''],['primaryButtonBackgroundColor',''],['secondaryButtonForegroundColor',''],['secondaryButtonBackgroundColor','']];\t(function(d, t) { var e=d.createElement(t),s=d.getElementsByTagName(t)[0];\te.src = \"https:\/\/reservation.dish.co\/widget.js\";\ts.parentNode.insertBefore(e,s);\t}(document, 'script'));<\/script>\t\t\t\t\t\t\t\t<\/div>\n\t\t\t\t<\/div>\n\t\t\t\t\t<\/div>\n\t\t\t\t<\/div>\n\t\t\t\t<\/div>\n\t\t","protected":false},"excerpt":{"rendered":"<p>Reservations at Melichar Trost\u2019s Restaurant \u2013 Prague Mal\u00e1 Strana Looking for the perfect place for dinner, a family celebration, or a corporate event? Book your table at Melichar Trost\u2019s Restaurant and enjoy authentic Czech and Italian cuisine in the historic heart of Mal\u00e1 Strana. We are located in the center of Prague, just minutes from [&hellip;]<\/p>\n","protected":false},"author":1,"featured_media":4588,"parent":0,"menu_order":0,"comment_status":"closed","ping_status":"closed","template":"elementor_header_footer","meta":{"inline_featured_image":false,"footnotes":""},"class_list":["post-4972","page","type-page","status-publish","has-post-thumbnail","hentry"],"yoast_head":"<!-- This site is optimized with the Yoast SEO plugin v24.5 - https:\/\/yoast.com\/wordpress\/plugins\/seo\/ -->\n<title>Reservation at Melichar Trost\u2019s Restaurant | Melichar Trost&#039;s<\/title>\n<meta name=\"description\" content=\"Book a table at Melichar Trost\u2019s Restaurant in Mal\u00e1 Strana. A great place for romantic dinners, family celebrations, and corporate events. We also offer stylish apartments in Prague\u2019s historic center!\" \/>\n<meta name=\"robots\" content=\"index, follow, max-snippet:-1, max-image-preview:large, max-video-preview:-1\" \/>\n<link rel=\"canonical\" href=\"https:\/\/nicolas.melichartrosts.cz\/domains\/nicolas.melichartrosts.cz\/en\/reservation-at-melichar-trosts-restaurant\/\" \/>\n<meta property=\"og:locale\" content=\"cs_CZ\" \/>\n<meta property=\"og:type\" content=\"article\" \/>\n<meta property=\"og:title\" content=\"Reservation at Melichar Trost\u2019s Restaurant | Melichar Trost&#039;s\" \/>\n<meta property=\"og:description\" content=\"Book a table at Melichar Trost\u2019s Restaurant in Mal\u00e1 Strana. A great place for romantic dinners, family celebrations, and corporate events. We also offer stylish apartments in Prague\u2019s historic center!\" \/>\n<meta property=\"og:url\" content=\"https:\/\/nicolas.melichartrosts.cz\/domains\/nicolas.melichartrosts.cz\/en\/reservation-at-melichar-trosts-restaurant\/\" \/>\n<meta property=\"og:site_name\" content=\"Melichar Trost&#039;s\" \/>\n<meta property=\"article:publisher\" content=\"https:\/\/www.facebook.com\/profile.php?id=61559319917941\" \/>\n<meta property=\"article:modified_time\" content=\"2025-12-02T00:24:16+00:00\" \/>\n<meta property=\"og:image\" content=\"https:\/\/nicolas.melichartrosts.cz\/domains\/nicolas.melichartrosts.cz\/wp-content\/uploads\/2025\/01\/og.jpg\" \/>\n\t<meta property=\"og:image:width\" content=\"1200\" \/>\n\t<meta property=\"og:image:height\" content=\"675\" \/>\n\t<meta property=\"og:image:type\" content=\"image\/jpeg\" \/>\n<meta name=\"twitter:card\" content=\"summary_large_image\" \/>\n<meta name=\"twitter:label1\" content=\"Odhadovan\u00e1 doba \u010dten\u00ed\" \/>\n\t<meta name=\"twitter:data1\" content=\"3 minuty\" \/>\n<script type=\"application\/ld+json\" class=\"yoast-schema-graph\">{\"@context\":\"https:\/\/schema.org\",\"@graph\":[{\"@type\":\"WebPage\",\"@id\":\"https:\/\/nicolas.melichartrosts.cz\/domains\/nicolas.melichartrosts.cz\/en\/reservation-at-melichar-trosts-restaurant\/\",\"url\":\"https:\/\/nicolas.melichartrosts.cz\/domains\/nicolas.melichartrosts.cz\/en\/reservation-at-melichar-trosts-restaurant\/\",\"name\":\"Reservation at Melichar Trost\u2019s Restaurant | Melichar Trost&#039;s\",\"isPartOf\":{\"@id\":\"https:\/\/nicolas.melichartrosts.cz\/domains\/nicolas.melichartrosts.cz\/#website\"},\"primaryImageOfPage\":{\"@id\":\"https:\/\/nicolas.melichartrosts.cz\/domains\/nicolas.melichartrosts.cz\/en\/reservation-at-melichar-trosts-restaurant\/#primaryimage\"},\"image\":{\"@id\":\"https:\/\/nicolas.melichartrosts.cz\/domains\/nicolas.melichartrosts.cz\/en\/reservation-at-melichar-trosts-restaurant\/#primaryimage\"},\"thumbnailUrl\":\"https:\/\/nicolas.melichartrosts.cz\/domains\/nicolas.melichartrosts.cz\/wp-content\/uploads\/2025\/01\/og.jpg\",\"datePublished\":\"2025-03-02T20:12:44+00:00\",\"dateModified\":\"2025-12-02T00:24:16+00:00\",\"description\":\"Book a table at Melichar Trost\u2019s Restaurant in Mal\u00e1 Strana. A great place for romantic dinners, family celebrations, and corporate events. We also offer stylish apartments in Prague\u2019s historic center!\",\"breadcrumb\":{\"@id\":\"https:\/\/nicolas.melichartrosts.cz\/domains\/nicolas.melichartrosts.cz\/en\/reservation-at-melichar-trosts-restaurant\/#breadcrumb\"},\"inLanguage\":\"cs\",\"potentialAction\":[{\"@type\":\"ReadAction\",\"target\":[\"https:\/\/nicolas.melichartrosts.cz\/domains\/nicolas.melichartrosts.cz\/en\/reservation-at-melichar-trosts-restaurant\/\"]}]},{\"@type\":\"ImageObject\",\"inLanguage\":\"cs\",\"@id\":\"https:\/\/nicolas.melichartrosts.cz\/domains\/nicolas.melichartrosts.cz\/en\/reservation-at-melichar-trosts-restaurant\/#primaryimage\",\"url\":\"https:\/\/nicolas.melichartrosts.cz\/domains\/nicolas.melichartrosts.cz\/wp-content\/uploads\/2025\/01\/og.jpg\",\"contentUrl\":\"https:\/\/nicolas.melichartrosts.cz\/domains\/nicolas.melichartrosts.cz\/wp-content\/uploads\/2025\/01\/og.jpg\",\"width\":1200,\"height\":675,\"caption\":\"OG Logo\"},{\"@type\":\"BreadcrumbList\",\"@id\":\"https:\/\/nicolas.melichartrosts.cz\/domains\/nicolas.melichartrosts.cz\/en\/reservation-at-melichar-trosts-restaurant\/#breadcrumb\",\"itemListElement\":[{\"@type\":\"ListItem\",\"position\":1,\"name\":\"Dom\u016f\",\"item\":\"https:\/\/nicolas.melichartrosts.cz\/domains\/nicolas.melichartrosts.cz\/cs\/\"},{\"@type\":\"ListItem\",\"position\":2,\"name\":\"Reservation at Melichar Trost\u2019s Restaurant\"}]},{\"@type\":\"WebSite\",\"@id\":\"https:\/\/nicolas.melichartrosts.cz\/domains\/nicolas.melichartrosts.cz\/#website\",\"url\":\"https:\/\/nicolas.melichartrosts.cz\/domains\/nicolas.melichartrosts.cz\/\",\"name\":\"Melichar Trost's \u2013 Restaurace & Apartm\u00e1ny v Praze\",\"description\":\"\u00datuln\u00e1 restaurace s \u010deskou a italskou kuchyn\u00ed a t\u0159emi apartm\u00e1ny na Mal\u00e9 Stran\u011b, Praha.\",\"publisher\":{\"@id\":\"https:\/\/nicolas.melichartrosts.cz\/domains\/nicolas.melichartrosts.cz\/#organization\"},\"alternateName\":\"Melichar Trost's\",\"potentialAction\":[{\"@type\":\"SearchAction\",\"target\":{\"@type\":\"EntryPoint\",\"urlTemplate\":\"https:\/\/nicolas.melichartrosts.cz\/domains\/nicolas.melichartrosts.cz\/?s={search_term_string}\"},\"query-input\":{\"@type\":\"PropertyValueSpecification\",\"valueRequired\":true,\"valueName\":\"search_term_string\"}}],\"inLanguage\":\"cs\"},{\"@type\":\"Organization\",\"@id\":\"https:\/\/nicolas.melichartrosts.cz\/domains\/nicolas.melichartrosts.cz\/#organization\",\"name\":\"Melichar Trost's\",\"url\":\"https:\/\/nicolas.melichartrosts.cz\/domains\/nicolas.melichartrosts.cz\/\",\"logo\":{\"@type\":\"ImageObject\",\"inLanguage\":\"cs\",\"@id\":\"https:\/\/nicolas.melichartrosts.cz\/domains\/nicolas.melichartrosts.cz\/#\/schema\/logo\/image\/\",\"url\":\"https:\/\/nicolas.melichartrosts.cz\/domains\/nicolas.melichartrosts.cz\/wp-content\/uploads\/2025\/01\/orel_white.png\",\"contentUrl\":\"https:\/\/nicolas.melichartrosts.cz\/domains\/nicolas.melichartrosts.cz\/wp-content\/uploads\/2025\/01\/orel_white.png\",\"width\":3200,\"height\":1800,\"caption\":\"Melichar Trost's\"},\"image\":{\"@id\":\"https:\/\/nicolas.melichartrosts.cz\/domains\/nicolas.melichartrosts.cz\/#\/schema\/logo\/image\/\"},\"sameAs\":[\"https:\/\/www.facebook.com\/profile.php?id=61559319917941\",\"https:\/\/www.instagram.com\/melichartrost\/\"]}]}<\/script>\n<!-- \/ Yoast SEO plugin. -->","yoast_head_json":{"title":"Reservation at Melichar Trost\u2019s Restaurant | Melichar Trost&#039;s","description":"Book a table at Melichar Trost\u2019s Restaurant in Mal\u00e1 Strana. A great place for romantic dinners, family celebrations, and corporate events. We also offer stylish apartments in Prague\u2019s historic center!","robots":{"index":"index","follow":"follow","max-snippet":"max-snippet:-1","max-image-preview":"max-image-preview:large","max-video-preview":"max-video-preview:-1"},"canonical":"https:\/\/nicolas.melichartrosts.cz\/domains\/nicolas.melichartrosts.cz\/en\/reservation-at-melichar-trosts-restaurant\/","og_locale":"cs_CZ","og_type":"article","og_title":"Reservation at Melichar Trost\u2019s Restaurant | Melichar Trost&#039;s","og_description":"Book a table at Melichar Trost\u2019s Restaurant in Mal\u00e1 Strana. A great place for romantic dinners, family celebrations, and corporate events. We also offer stylish apartments in Prague\u2019s historic center!","og_url":"https:\/\/nicolas.melichartrosts.cz\/domains\/nicolas.melichartrosts.cz\/en\/reservation-at-melichar-trosts-restaurant\/","og_site_name":"Melichar Trost&#039;s","article_publisher":"https:\/\/www.facebook.com\/profile.php?id=61559319917941","article_modified_time":"2025-12-02T00:24:16+00:00","og_image":[{"width":1200,"height":675,"url":"https:\/\/nicolas.melichartrosts.cz\/domains\/nicolas.melichartrosts.cz\/wp-content\/uploads\/2025\/01\/og.jpg","type":"image\/jpeg"}],"twitter_card":"summary_large_image","twitter_misc":{"Odhadovan\u00e1 doba \u010dten\u00ed":"3 minuty"},"schema":{"@context":"https:\/\/schema.org","@graph":[{"@type":"WebPage","@id":"https:\/\/nicolas.melichartrosts.cz\/domains\/nicolas.melichartrosts.cz\/en\/reservation-at-melichar-trosts-restaurant\/","url":"https:\/\/nicolas.melichartrosts.cz\/domains\/nicolas.melichartrosts.cz\/en\/reservation-at-melichar-trosts-restaurant\/","name":"Reservation at Melichar Trost\u2019s Restaurant | Melichar Trost&#039;s","isPartOf":{"@id":"https:\/\/nicolas.melichartrosts.cz\/domains\/nicolas.melichartrosts.cz\/#website"},"primaryImageOfPage":{"@id":"https:\/\/nicolas.melichartrosts.cz\/domains\/nicolas.melichartrosts.cz\/en\/reservation-at-melichar-trosts-restaurant\/#primaryimage"},"image":{"@id":"https:\/\/nicolas.melichartrosts.cz\/domains\/nicolas.melichartrosts.cz\/en\/reservation-at-melichar-trosts-restaurant\/#primaryimage"},"thumbnailUrl":"https:\/\/nicolas.melichartrosts.cz\/domains\/nicolas.melichartrosts.cz\/wp-content\/uploads\/2025\/01\/og.jpg","datePublished":"2025-03-02T20:12:44+00:00","dateModified":"2025-12-02T00:24:16+00:00","description":"Book a table at Melichar Trost\u2019s Restaurant in Mal\u00e1 Strana. A great place for romantic dinners, family celebrations, and corporate events. We also offer stylish apartments in Prague\u2019s historic center!","breadcrumb":{"@id":"https:\/\/nicolas.melichartrosts.cz\/domains\/nicolas.melichartrosts.cz\/en\/reservation-at-melichar-trosts-restaurant\/#breadcrumb"},"inLanguage":"cs","potentialAction":[{"@type":"ReadAction","target":["https:\/\/nicolas.melichartrosts.cz\/domains\/nicolas.melichartrosts.cz\/en\/reservation-at-melichar-trosts-restaurant\/"]}]},{"@type":"ImageObject","inLanguage":"cs","@id":"https:\/\/nicolas.melichartrosts.cz\/domains\/nicolas.melichartrosts.cz\/en\/reservation-at-melichar-trosts-restaurant\/#primaryimage","url":"https:\/\/nicolas.melichartrosts.cz\/domains\/nicolas.melichartrosts.cz\/wp-content\/uploads\/2025\/01\/og.jpg","contentUrl":"https:\/\/nicolas.melichartrosts.cz\/domains\/nicolas.melichartrosts.cz\/wp-content\/uploads\/2025\/01\/og.jpg","width":1200,"height":675,"caption":"OG Logo"},{"@type":"BreadcrumbList","@id":"https:\/\/nicolas.melichartrosts.cz\/domains\/nicolas.melichartrosts.cz\/en\/reservation-at-melichar-trosts-restaurant\/#breadcrumb","itemListElement":[{"@type":"ListItem","position":1,"name":"Dom\u016f","item":"https:\/\/nicolas.melichartrosts.cz\/domains\/nicolas.melichartrosts.cz\/cs\/"},{"@type":"ListItem","position":2,"name":"Reservation at Melichar Trost\u2019s Restaurant"}]},{"@type":"WebSite","@id":"https:\/\/nicolas.melichartrosts.cz\/domains\/nicolas.melichartrosts.cz\/#website","url":"https:\/\/nicolas.melichartrosts.cz\/domains\/nicolas.melichartrosts.cz\/","name":"Melichar Trost's \u2013 Restaurace & Apartm\u00e1ny v Praze","description":"\u00datuln\u00e1 restaurace s \u010deskou a italskou kuchyn\u00ed a t\u0159emi apartm\u00e1ny na Mal\u00e9 Stran\u011b, Praha.","publisher":{"@id":"https:\/\/nicolas.melichartrosts.cz\/domains\/nicolas.melichartrosts.cz\/#organization"},"alternateName":"Melichar Trost's","potentialAction":[{"@type":"SearchAction","target":{"@type":"EntryPoint","urlTemplate":"https:\/\/nicolas.melichartrosts.cz\/domains\/nicolas.melichartrosts.cz\/?s={search_term_string}"},"query-input":{"@type":"PropertyValueSpecification","valueRequired":true,"valueName":"search_term_string"}}],"inLanguage":"cs"},{"@type":"Organization","@id":"https:\/\/nicolas.melichartrosts.cz\/domains\/nicolas.melichartrosts.cz\/#organization","name":"Melichar Trost's","url":"https:\/\/nicolas.melichartrosts.cz\/domains\/nicolas.melichartrosts.cz\/","logo":{"@type":"ImageObject","inLanguage":"cs","@id":"https:\/\/nicolas.melichartrosts.cz\/domains\/nicolas.melichartrosts.cz\/#\/schema\/logo\/image\/","url":"https:\/\/nicolas.melichartrosts.cz\/domains\/nicolas.melichartrosts.cz\/wp-content\/uploads\/2025\/01\/orel_white.png","contentUrl":"https:\/\/nicolas.melichartrosts.cz\/domains\/nicolas.melichartrosts.cz\/wp-content\/uploads\/2025\/01\/orel_white.png","width":3200,"height":1800,"caption":"Melichar Trost's"},"image":{"@id":"https:\/\/nicolas.melichartrosts.cz\/domains\/nicolas.melichartrosts.cz\/#\/schema\/logo\/image\/"},"sameAs":["https:\/\/www.facebook.com\/profile.php?id=61559319917941","https:\/\/www.instagram.com\/melichartrost\/"]}]}},"lang":"en","translations":{"en":4972,"cs":4544,"es":4976,"de":4973,"fr":4974,"it":4975},"pll_sync_post":[],"_links":{"self":[{"href":"https:\/\/nicolas.melichartrosts.cz\/domains\/nicolas.melichartrosts.cz\/wp-json\/wp\/v2\/pages\/4972","targetHints":{"allow":["GET"]}}],"collection":[{"href":"https:\/\/nicolas.melichartrosts.cz\/domains\/nicolas.melichartrosts.cz\/wp-json\/wp\/v2\/pages"}],"about":[{"href":"https:\/\/nicolas.melichartrosts.cz\/domains\/nicolas.melichartrosts.cz\/wp-json\/wp\/v2\/types\/page"}],"author":[{"embeddable":true,"href":"https:\/\/nicolas.melichartrosts.cz\/domains\/nicolas.melichartrosts.cz\/wp-json\/wp\/v2\/users\/1"}],"replies":[{"embeddable":true,"href":"https:\/\/nicolas.melichartrosts.cz\/domains\/nicolas.melichartrosts.cz\/wp-json\/wp\/v2\/comments?post=4972"}],"version-history":[{"count":13,"href":"https:\/\/nicolas.melichartrosts.cz\/domains\/nicolas.melichartrosts.cz\/wp-json\/wp\/v2\/pages\/4972\/revisions"}],"predecessor-version":[{"id":5485,"href":"https:\/\/nicolas.melichartrosts.cz\/domains\/nicolas.melichartrosts.cz\/wp-json\/wp\/v2\/pages\/4972\/revisions\/5485"}],"wp:featuredmedia":[{"embeddable":true,"href":"https:\/\/nicolas.melichartrosts.cz\/domains\/nicolas.melichartrosts.cz\/wp-json\/wp\/v2\/media\/4588"}],"wp:attachment":[{"href":"https:\/\/nicolas.melichartrosts.cz\/domains\/nicolas.melichartrosts.cz\/wp-json\/wp\/v2\/media?parent=4972"}],"curies":[{"name":"wp","href":"https:\/\/api.w.org\/{rel}","templated":true}]}}