{"id":4973,"date":"2025-03-02T20:14:13","date_gmt":"2025-03-02T20:14:13","guid":{"rendered":"https:\/\/nicolas.melichartrosts.cz\/domains\/nicolas.melichartrosts.cz\/?page_id=4973"},"modified":"2025-12-02T01:25:43","modified_gmt":"2025-12-02T01:25:43","slug":"reservierung-im-melichar-trosts-restaurant","status":"publish","type":"page","link":"https:\/\/nicolas.melichartrosts.cz\/domains\/nicolas.melichartrosts.cz\/de\/reservierung-im-melichar-trosts-restaurant\/","title":{"rendered":"Reservierung im Melichar Trosts Restaurant"},"content":{"rendered":"\t\t<div data-elementor-type=\"wp-page\" data-elementor-id=\"4973\" class=\"elementor elementor-4973\">\n\t\t\t\t\t\t<div class=\"elementor-section elementor-top-section elementor-element elementor-element-4089c53 elementor-section-stretched elementor-section-boxed elementor-section-height-default elementor-section-height-default\" data-id=\"4089c53\" data-element_type=\"section\" data-settings=\"{&quot;stretch_section&quot;:&quot;section-stretched&quot;}\">\n\t\t\t\t\t\t<div class=\"elementor-container elementor-column-gap-no\">\n\t\t\t\t\t<div class=\"elementor-column elementor-col-100 elementor-top-column elementor-element elementor-element-e40ef63\" data-id=\"e40ef63\" data-element_type=\"column\">\n\t\t\t<div class=\"elementor-widget-wrap elementor-element-populated\">\n\t\t\t\t\t\t<div class=\"elementor-element elementor-element-a9d9e21 elementor-widget elementor-widget-heading\" data-id=\"a9d9e21\" data-element_type=\"widget\" data-widget_type=\"heading.default\">\n\t\t\t\t<div class=\"elementor-widget-container\">\n\t\t\t\t\t<h1 class=\"elementor-heading-title elementor-size-default\">Reservierungen im Restaurant Melichar Trost\u2019s \u2013 Prag Mal\u00e1 Strana<\/h1>\t\t\t\t<\/div>\n\t\t\t\t<\/div>\n\t\t\t\t<div class=\"elementor-element elementor-element-2c0faf4 elementor-widget__width-initial elementor-widget elementor-widget-text-editor\" data-id=\"2c0faf4\" data-element_type=\"widget\" data-widget_type=\"text-editor.default\">\n\t\t\t\t<div class=\"elementor-widget-container\">\n\t\t\t\t\t\t\t\t\t<p data-start=\"1825\" data-end=\"2181\">Suchen Sie nach dem perfekten Ort f\u00fcr ein Abendessen, eine Familienfeier oder eine Firmenveranstaltung? Reservieren Sie Ihren Tisch im <strong data-start=\"2031\" data-end=\"2062\">Restaurant Melichar Trost\u2019s<\/strong> und genie\u00dfen Sie authentische <strong data-start=\"2093\" data-end=\"2109\">tschechische<\/strong> und <strong data-start=\"2114\" data-end=\"2136\">italienische K\u00fcche<\/strong> im historischen Viertel von <strong data-start=\"2165\" data-end=\"2180\">Mal\u00e1 Strana<\/strong>.<\/p><p data-start=\"2183\" data-end=\"2304\"><strong data-start=\"2186\" data-end=\"2226\">Wir befinden uns im Zentrum von Prag<\/strong>, nur wenige Minuten von der <strong data-start=\"2255\" data-end=\"2270\">Karlsbr\u00fccke<\/strong> und der <strong data-start=\"2279\" data-end=\"2294\">Prager Burg<\/strong> entfernt.<\/p><p data-start=\"2306\" data-end=\"2426\"><strong data-start=\"2309\" data-end=\"2358\">Werfen Sie einen Blick auf unsere <a href=\"https:\/\/nicolas.melichartrosts.cz\/domains\/nicolas.melichartrosts.cz\/de\/speisekarte-des-melichar-trosts-restaurants\/\">Speisekarte<\/a><\/strong> und w\u00e4hlen Sie Ihre Lieblingsgerichte bereits vor Ihrem Besuch aus!<\/p>\t\t\t\t\t\t\t\t<\/div>\n\t\t\t\t<\/div>\n\t\t\t\t<div class=\"elementor-element elementor-element-6b6c8c0 elementor-widget elementor-widget-text-editor\" data-id=\"6b6c8c0\" data-element_type=\"widget\" data-widget_type=\"text-editor.default\">\n\t\t\t\t<div class=\"elementor-widget-container\">\n\t\t\t\t\t\t\t\t\t<h2 data-start=\"2428\" data-end=\"2470\"><strong data-start=\"2432\" data-end=\"2468\">Wie mache ich eine Reservierung?<\/strong><\/h2><p data-start=\"2471\" data-end=\"2575\"><strong data-start=\"2474\" data-end=\"2519\">Die Reservierung ist schnell und einfach!<\/strong> Kontaktieren Sie uns einfach per Telefon oder E-Mail:<\/p><p><img class=\"emoji\" role=\"img\" draggable=\"false\" src=\"https:\/\/s.w.org\/images\/core\/emoji\/15.0.3\/svg\/1f4e7.svg\" alt=\"\ud83d\udce7\" \/> <strong>E-mail:<\/strong> <a href=\"mailto:melichartrost@gmail.com\">melichartrost@gmail.com<\/a><br \/><img class=\"emoji\" role=\"img\" draggable=\"false\" src=\"https:\/\/s.w.org\/images\/core\/emoji\/15.0.3\/svg\/1f4de.svg\" alt=\"\ud83d\udcde\" \/> <strong>Telefon:<\/strong> <a href=\"tel:+420608619407\">+420 608 619 407<\/a><\/p><p data-start=\"2653\" data-end=\"2778\"><strong data-start=\"2656\" data-end=\"2683\">M\u00f6chten Sie mehr sehen?<\/strong> Besuchen Sie unsere <a href=\"https:\/\/nicolas.melichartrosts.cz\/domains\/nicolas.melichartrosts.cz\/de\/galerie-des-melichar-trosts-restaurants\/\">Galerie<\/a> und entdecken Sie die einzigartige Atmosph\u00e4re unseres Restaurants.<\/p><h2 data-start=\"2785\" data-end=\"2840\"><strong data-start=\"2789\" data-end=\"2838\">Unterkunft in den Melichar Trost\u2019s Apartments<\/strong><\/h2><p data-start=\"2841\" data-end=\"2931\">Suchen Sie eine Unterkunft im historischen Zentrum von Prag? Wir haben die L\u00f6sung f\u00fcr Sie!<\/p><p data-start=\"2933\" data-end=\"3086\">Wir bieten Ihnen <strong data-start=\"2953\" data-end=\"2982\">zwei stilvolle Apartments<\/strong>, die sich direkt \u00fcber der <strong data-start=\"3009\" data-end=\"3024\">Nicolas Bar<\/strong> in der <strong data-start=\"3032\" data-end=\"3046\">Tr\u017ei\u0161t\u011b 10<\/strong> im Herzen von <strong data-start=\"3061\" data-end=\"3076\">Mal\u00e1 Strana<\/strong> befinden.<\/p><p data-start=\"3088\" data-end=\"3195\"><strong data-start=\"3091\" data-end=\"3139\">Buchen Sie Ihren Aufenthalt \u00fcber Booking.com<\/strong> und genie\u00dfen Sie Ihren Aufenthalt im historischen Prag!<\/p><h3 data-start=\"3197\" data-end=\"3373\"><strong data-start=\"3200\" data-end=\"3232\">Vorteile unserer Apartments:<\/strong><\/h3><p data-start=\"3197\" data-end=\"3373\">\u2714 Perfekte Lage im Zentrum von Prag<br data-start=\"3270\" data-end=\"3273\" \/>\u2714 Stilvolles Interieur und Komfort<br data-start=\"3307\" data-end=\"3310\" \/>\u2714 Hervorragender Zugang zu den wichtigsten Sehensw\u00fcrdigkeiten<\/p><p data-start=\"3375\" data-end=\"3448\">Mehr \u00fcber unsere Apartments erfahren Sie auf der Seite <a href=\"https:\/\/nicolas.melichartrosts.cz\/domains\/nicolas.melichartrosts.cz\/de\/melichar-trosts-apartments\/\"><strong data-start=\"3433\" data-end=\"3447\">Apartments<\/strong><\/a>.<\/p><h2 data-start=\"3455\" data-end=\"3522\"><strong data-start=\"3459\" data-end=\"3520\">Entdecken Sie weitere tolle Lokale am Malostransk\u00e9 Platz!<\/strong><\/h2><p>Wenn Sie nach weiteren tollen Orten in Prag suchen, empfehlen wir Ihnen den Besuch unserer Partnerbetriebe:<\/p><ul><li><strong><a href=\"https:\/\/www.nicolasbar.cz\/\" target=\"_new\" rel=\"noopener\">Nicolas Bar<\/a><\/strong> \u2013 Eine stilvolle Bar mit hochwertigen Cocktails und erlesenen Weinen.<\/li><li><strong><a href=\"https:\/\/www.utrizlatychhvezd.cz\/\" target=\"_new\" rel=\"noopener\">U T\u0159\u00ed Zlat\u00fdch Hv\u011bzd<\/a><\/strong> \u2013<br \/><p data-start=\"3634\" data-end=\"3826\">Ein traditionelles tschechisches Restaurant mit erstklassigen Spezialit\u00e4ten.<\/p><\/li><\/ul><p data-start=\"3828\" data-end=\"3908\">Genie\u00dfen Sie die unvergessliche Atmosph\u00e4re unserer Lokale im Herzen von Prag!<\/p>\t\t\t\t\t\t\t\t<\/div>\n\t\t\t\t<\/div>\n\t\t\t\t\t<\/div>\n\t\t<\/div>\n\t\t\t\t\t<\/div>\n\t\t<\/div>\n\t\t\t\t<div class=\"elementor-section elementor-top-section elementor-element elementor-element-0c7cb09 elementor-section-stretched elementor-section-boxed elementor-section-height-default elementor-section-height-default\" data-id=\"0c7cb09\" data-element_type=\"section\" data-settings=\"{&quot;stretch_section&quot;:&quot;section-stretched&quot;}\">\n\t\t\t\t\t\t<div class=\"elementor-container elementor-column-gap-no\">\n\t\t\t\t\t<div class=\"elementor-column elementor-col-100 elementor-top-column elementor-element elementor-element-6ebbdd4\" data-id=\"6ebbdd4\" data-element_type=\"column\">\n\t\t\t<div class=\"elementor-widget-wrap\">\n\t\t\t\t\t\t\t<\/div>\n\t\t<\/div>\n\t\t\t\t\t<\/div>\n\t\t<\/div>\n\t\t<div class=\"elementor-element elementor-element-41f149d e-flex e-con-boxed e-con e-parent\" data-id=\"41f149d\" data-element_type=\"container\">\n\t\t\t\t\t<div class=\"e-con-inner\">\n\t\t\t\t<div class=\"elementor-element elementor-element-fc7639a elementor-widget elementor-widget-text-editor\" data-id=\"fc7639a\" data-element_type=\"widget\" data-widget_type=\"text-editor.default\">\n\t\t\t\t<div class=\"elementor-widget-container\">\n\t\t\t\t\t\t\t\t\t<div id=\"hors-hydra-e7e4b910-8291-11ef-8ace-c56a6c7273d6\"><\/div><script>\tvar _hors=[['eid','hydra-e7e4b910-8291-11ef-8ace-c56a6c7273d6'],['tagid','hors-hydra-e7e4b910-8291-11ef-8ace-c56a6c7273d6'],['width','100%'],['height',''],['foregroundColor',''],['backgroundColor',''],['linkColor',''],['errorColor',''],['primaryButtonForegroundColor',''],['primaryButtonBackgroundColor',''],['secondaryButtonForegroundColor',''],['secondaryButtonBackgroundColor','']];\t(function(d, t) { var e=d.createElement(t),s=d.getElementsByTagName(t)[0];\te.src = \"https:\/\/reservation.dish.co\/widget.js\";\ts.parentNode.insertBefore(e,s);\t}(document, 'script'));<\/script>\t\t\t\t\t\t\t\t<\/div>\n\t\t\t\t<\/div>\n\t\t\t\t\t<\/div>\n\t\t\t\t<\/div>\n\t\t\t\t<\/div>\n\t\t","protected":false},"excerpt":{"rendered":"<p>Reservierungen im Restaurant Melichar Trost\u2019s \u2013 Prag Mal\u00e1 Strana Suchen Sie nach dem perfekten Ort f\u00fcr ein Abendessen, eine Familienfeier oder eine Firmenveranstaltung? Reservieren Sie Ihren Tisch im Restaurant Melichar Trost\u2019s und genie\u00dfen Sie authentische tschechische und italienische K\u00fcche im historischen Viertel von Mal\u00e1 Strana. Wir befinden uns im Zentrum von Prag, nur wenige Minuten [&hellip;]<\/p>\n","protected":false},"author":1,"featured_media":4588,"parent":0,"menu_order":0,"comment_status":"closed","ping_status":"closed","template":"elementor_header_footer","meta":{"inline_featured_image":false,"footnotes":""},"class_list":["post-4973","page","type-page","status-publish","has-post-thumbnail","hentry"],"yoast_head":"<!-- This site is optimized with the Yoast SEO plugin v24.5 - https:\/\/yoast.com\/wordpress\/plugins\/seo\/ -->\n<title>Reservierung im Melichar Trosts Restaurant | Melichar Trost&#039;s<\/title>\n<meta name=\"description\" content=\"Reservieren Sie einen Tisch im Melichar Trosts Restaurant in Mal\u00e1 Strana. Der perfekte Ort f\u00fcr romantische Abendessen, Familienfeiern und Firmenveranstaltungen. Wir bieten auch stilvolle Apartments im historischen Zentrum von Prag!\" \/>\n<meta name=\"robots\" content=\"index, follow, max-snippet:-1, max-image-preview:large, max-video-preview:-1\" \/>\n<link rel=\"canonical\" href=\"https:\/\/nicolas.melichartrosts.cz\/domains\/nicolas.melichartrosts.cz\/de\/reservierung-im-melichar-trosts-restaurant\/\" \/>\n<meta property=\"og:locale\" content=\"cs_CZ\" \/>\n<meta property=\"og:type\" content=\"article\" \/>\n<meta property=\"og:title\" content=\"Reservierung im Melichar Trosts Restaurant | Melichar Trost&#039;s\" \/>\n<meta property=\"og:description\" content=\"Reservieren Sie einen Tisch im Melichar Trosts Restaurant in Mal\u00e1 Strana. Der perfekte Ort f\u00fcr romantische Abendessen, Familienfeiern und Firmenveranstaltungen. Wir bieten auch stilvolle Apartments im historischen Zentrum von Prag!\" \/>\n<meta property=\"og:url\" content=\"https:\/\/nicolas.melichartrosts.cz\/domains\/nicolas.melichartrosts.cz\/de\/reservierung-im-melichar-trosts-restaurant\/\" \/>\n<meta property=\"og:site_name\" content=\"Melichar Trost&#039;s\" \/>\n<meta property=\"article:publisher\" content=\"https:\/\/www.facebook.com\/profile.php?id=61559319917941\" \/>\n<meta property=\"article:modified_time\" content=\"2025-12-02T01:25:43+00:00\" \/>\n<meta property=\"og:image\" content=\"https:\/\/nicolas.melichartrosts.cz\/domains\/nicolas.melichartrosts.cz\/wp-content\/uploads\/2025\/01\/og.jpg\" \/>\n\t<meta property=\"og:image:width\" content=\"1200\" \/>\n\t<meta property=\"og:image:height\" content=\"675\" \/>\n\t<meta property=\"og:image:type\" content=\"image\/jpeg\" \/>\n<meta name=\"twitter:card\" content=\"summary_large_image\" \/>\n<meta name=\"twitter:label1\" content=\"Odhadovan\u00e1 doba \u010dten\u00ed\" \/>\n\t<meta name=\"twitter:data1\" content=\"3 minuty\" \/>\n<script type=\"application\/ld+json\" class=\"yoast-schema-graph\">{\"@context\":\"https:\/\/schema.org\",\"@graph\":[{\"@type\":\"WebPage\",\"@id\":\"https:\/\/nicolas.melichartrosts.cz\/domains\/nicolas.melichartrosts.cz\/de\/reservierung-im-melichar-trosts-restaurant\/\",\"url\":\"https:\/\/nicolas.melichartrosts.cz\/domains\/nicolas.melichartrosts.cz\/de\/reservierung-im-melichar-trosts-restaurant\/\",\"name\":\"Reservierung im Melichar Trosts Restaurant | Melichar Trost&#039;s\",\"isPartOf\":{\"@id\":\"https:\/\/nicolas.melichartrosts.cz\/domains\/nicolas.melichartrosts.cz\/#website\"},\"primaryImageOfPage\":{\"@id\":\"https:\/\/nicolas.melichartrosts.cz\/domains\/nicolas.melichartrosts.cz\/de\/reservierung-im-melichar-trosts-restaurant\/#primaryimage\"},\"image\":{\"@id\":\"https:\/\/nicolas.melichartrosts.cz\/domains\/nicolas.melichartrosts.cz\/de\/reservierung-im-melichar-trosts-restaurant\/#primaryimage\"},\"thumbnailUrl\":\"https:\/\/nicolas.melichartrosts.cz\/domains\/nicolas.melichartrosts.cz\/wp-content\/uploads\/2025\/01\/og.jpg\",\"datePublished\":\"2025-03-02T20:14:13+00:00\",\"dateModified\":\"2025-12-02T01:25:43+00:00\",\"description\":\"Reservieren Sie einen Tisch im Melichar Trosts Restaurant in Mal\u00e1 Strana. Der perfekte Ort f\u00fcr romantische Abendessen, Familienfeiern und Firmenveranstaltungen. Wir bieten auch stilvolle Apartments im historischen Zentrum von Prag!\",\"breadcrumb\":{\"@id\":\"https:\/\/nicolas.melichartrosts.cz\/domains\/nicolas.melichartrosts.cz\/de\/reservierung-im-melichar-trosts-restaurant\/#breadcrumb\"},\"inLanguage\":\"cs\",\"potentialAction\":[{\"@type\":\"ReadAction\",\"target\":[\"https:\/\/nicolas.melichartrosts.cz\/domains\/nicolas.melichartrosts.cz\/de\/reservierung-im-melichar-trosts-restaurant\/\"]}]},{\"@type\":\"ImageObject\",\"inLanguage\":\"cs\",\"@id\":\"https:\/\/nicolas.melichartrosts.cz\/domains\/nicolas.melichartrosts.cz\/de\/reservierung-im-melichar-trosts-restaurant\/#primaryimage\",\"url\":\"https:\/\/nicolas.melichartrosts.cz\/domains\/nicolas.melichartrosts.cz\/wp-content\/uploads\/2025\/01\/og.jpg\",\"contentUrl\":\"https:\/\/nicolas.melichartrosts.cz\/domains\/nicolas.melichartrosts.cz\/wp-content\/uploads\/2025\/01\/og.jpg\",\"width\":1200,\"height\":675,\"caption\":\"OG Logo\"},{\"@type\":\"BreadcrumbList\",\"@id\":\"https:\/\/nicolas.melichartrosts.cz\/domains\/nicolas.melichartrosts.cz\/de\/reservierung-im-melichar-trosts-restaurant\/#breadcrumb\",\"itemListElement\":[{\"@type\":\"ListItem\",\"position\":1,\"name\":\"Dom\u016f\",\"item\":\"https:\/\/nicolas.melichartrosts.cz\/domains\/nicolas.melichartrosts.cz\/cs\/\"},{\"@type\":\"ListItem\",\"position\":2,\"name\":\"Reservierung im Melichar Trosts Restaurant\"}]},{\"@type\":\"WebSite\",\"@id\":\"https:\/\/nicolas.melichartrosts.cz\/domains\/nicolas.melichartrosts.cz\/#website\",\"url\":\"https:\/\/nicolas.melichartrosts.cz\/domains\/nicolas.melichartrosts.cz\/\",\"name\":\"Melichar Trost's \u2013 Restaurace & Apartm\u00e1ny v Praze\",\"description\":\"\u00datuln\u00e1 restaurace s \u010deskou a italskou kuchyn\u00ed a t\u0159emi apartm\u00e1ny na Mal\u00e9 Stran\u011b, Praha.\",\"publisher\":{\"@id\":\"https:\/\/nicolas.melichartrosts.cz\/domains\/nicolas.melichartrosts.cz\/#organization\"},\"alternateName\":\"Melichar Trost's\",\"potentialAction\":[{\"@type\":\"SearchAction\",\"target\":{\"@type\":\"EntryPoint\",\"urlTemplate\":\"https:\/\/nicolas.melichartrosts.cz\/domains\/nicolas.melichartrosts.cz\/?s={search_term_string}\"},\"query-input\":{\"@type\":\"PropertyValueSpecification\",\"valueRequired\":true,\"valueName\":\"search_term_string\"}}],\"inLanguage\":\"cs\"},{\"@type\":\"Organization\",\"@id\":\"https:\/\/nicolas.melichartrosts.cz\/domains\/nicolas.melichartrosts.cz\/#organization\",\"name\":\"Melichar Trost's\",\"url\":\"https:\/\/nicolas.melichartrosts.cz\/domains\/nicolas.melichartrosts.cz\/\",\"logo\":{\"@type\":\"ImageObject\",\"inLanguage\":\"cs\",\"@id\":\"https:\/\/nicolas.melichartrosts.cz\/domains\/nicolas.melichartrosts.cz\/#\/schema\/logo\/image\/\",\"url\":\"https:\/\/nicolas.melichartrosts.cz\/domains\/nicolas.melichartrosts.cz\/wp-content\/uploads\/2025\/01\/orel_white.png\",\"contentUrl\":\"https:\/\/nicolas.melichartrosts.cz\/domains\/nicolas.melichartrosts.cz\/wp-content\/uploads\/2025\/01\/orel_white.png\",\"width\":3200,\"height\":1800,\"caption\":\"Melichar Trost's\"},\"image\":{\"@id\":\"https:\/\/nicolas.melichartrosts.cz\/domains\/nicolas.melichartrosts.cz\/#\/schema\/logo\/image\/\"},\"sameAs\":[\"https:\/\/www.facebook.com\/profile.php?id=61559319917941\",\"https:\/\/www.instagram.com\/melichartrost\/\"]}]}<\/script>\n<!-- \/ Yoast SEO plugin. -->","yoast_head_json":{"title":"Reservierung im Melichar Trosts Restaurant | Melichar Trost&#039;s","description":"Reservieren Sie einen Tisch im Melichar Trosts Restaurant in Mal\u00e1 Strana. Der perfekte Ort f\u00fcr romantische Abendessen, Familienfeiern und Firmenveranstaltungen. Wir bieten auch stilvolle Apartments im historischen Zentrum von Prag!","robots":{"index":"index","follow":"follow","max-snippet":"max-snippet:-1","max-image-preview":"max-image-preview:large","max-video-preview":"max-video-preview:-1"},"canonical":"https:\/\/nicolas.melichartrosts.cz\/domains\/nicolas.melichartrosts.cz\/de\/reservierung-im-melichar-trosts-restaurant\/","og_locale":"cs_CZ","og_type":"article","og_title":"Reservierung im Melichar Trosts Restaurant | Melichar Trost&#039;s","og_description":"Reservieren Sie einen Tisch im Melichar Trosts Restaurant in Mal\u00e1 Strana. Der perfekte Ort f\u00fcr romantische Abendessen, Familienfeiern und Firmenveranstaltungen. Wir bieten auch stilvolle Apartments im historischen Zentrum von Prag!","og_url":"https:\/\/nicolas.melichartrosts.cz\/domains\/nicolas.melichartrosts.cz\/de\/reservierung-im-melichar-trosts-restaurant\/","og_site_name":"Melichar Trost&#039;s","article_publisher":"https:\/\/www.facebook.com\/profile.php?id=61559319917941","article_modified_time":"2025-12-02T01:25:43+00:00","og_image":[{"width":1200,"height":675,"url":"https:\/\/nicolas.melichartrosts.cz\/domains\/nicolas.melichartrosts.cz\/wp-content\/uploads\/2025\/01\/og.jpg","type":"image\/jpeg"}],"twitter_card":"summary_large_image","twitter_misc":{"Odhadovan\u00e1 doba \u010dten\u00ed":"3 minuty"},"schema":{"@context":"https:\/\/schema.org","@graph":[{"@type":"WebPage","@id":"https:\/\/nicolas.melichartrosts.cz\/domains\/nicolas.melichartrosts.cz\/de\/reservierung-im-melichar-trosts-restaurant\/","url":"https:\/\/nicolas.melichartrosts.cz\/domains\/nicolas.melichartrosts.cz\/de\/reservierung-im-melichar-trosts-restaurant\/","name":"Reservierung im Melichar Trosts Restaurant | Melichar Trost&#039;s","isPartOf":{"@id":"https:\/\/nicolas.melichartrosts.cz\/domains\/nicolas.melichartrosts.cz\/#website"},"primaryImageOfPage":{"@id":"https:\/\/nicolas.melichartrosts.cz\/domains\/nicolas.melichartrosts.cz\/de\/reservierung-im-melichar-trosts-restaurant\/#primaryimage"},"image":{"@id":"https:\/\/nicolas.melichartrosts.cz\/domains\/nicolas.melichartrosts.cz\/de\/reservierung-im-melichar-trosts-restaurant\/#primaryimage"},"thumbnailUrl":"https:\/\/nicolas.melichartrosts.cz\/domains\/nicolas.melichartrosts.cz\/wp-content\/uploads\/2025\/01\/og.jpg","datePublished":"2025-03-02T20:14:13+00:00","dateModified":"2025-12-02T01:25:43+00:00","description":"Reservieren Sie einen Tisch im Melichar Trosts Restaurant in Mal\u00e1 Strana. Der perfekte Ort f\u00fcr romantische Abendessen, Familienfeiern und Firmenveranstaltungen. Wir bieten auch stilvolle Apartments im historischen Zentrum von Prag!","breadcrumb":{"@id":"https:\/\/nicolas.melichartrosts.cz\/domains\/nicolas.melichartrosts.cz\/de\/reservierung-im-melichar-trosts-restaurant\/#breadcrumb"},"inLanguage":"cs","potentialAction":[{"@type":"ReadAction","target":["https:\/\/nicolas.melichartrosts.cz\/domains\/nicolas.melichartrosts.cz\/de\/reservierung-im-melichar-trosts-restaurant\/"]}]},{"@type":"ImageObject","inLanguage":"cs","@id":"https:\/\/nicolas.melichartrosts.cz\/domains\/nicolas.melichartrosts.cz\/de\/reservierung-im-melichar-trosts-restaurant\/#primaryimage","url":"https:\/\/nicolas.melichartrosts.cz\/domains\/nicolas.melichartrosts.cz\/wp-content\/uploads\/2025\/01\/og.jpg","contentUrl":"https:\/\/nicolas.melichartrosts.cz\/domains\/nicolas.melichartrosts.cz\/wp-content\/uploads\/2025\/01\/og.jpg","width":1200,"height":675,"caption":"OG Logo"},{"@type":"BreadcrumbList","@id":"https:\/\/nicolas.melichartrosts.cz\/domains\/nicolas.melichartrosts.cz\/de\/reservierung-im-melichar-trosts-restaurant\/#breadcrumb","itemListElement":[{"@type":"ListItem","position":1,"name":"Dom\u016f","item":"https:\/\/nicolas.melichartrosts.cz\/domains\/nicolas.melichartrosts.cz\/cs\/"},{"@type":"ListItem","position":2,"name":"Reservierung im Melichar Trosts Restaurant"}]},{"@type":"WebSite","@id":"https:\/\/nicolas.melichartrosts.cz\/domains\/nicolas.melichartrosts.cz\/#website","url":"https:\/\/nicolas.melichartrosts.cz\/domains\/nicolas.melichartrosts.cz\/","name":"Melichar Trost's \u2013 Restaurace & Apartm\u00e1ny v Praze","description":"\u00datuln\u00e1 restaurace s \u010deskou a italskou kuchyn\u00ed a t\u0159emi apartm\u00e1ny na Mal\u00e9 Stran\u011b, Praha.","publisher":{"@id":"https:\/\/nicolas.melichartrosts.cz\/domains\/nicolas.melichartrosts.cz\/#organization"},"alternateName":"Melichar Trost's","potentialAction":[{"@type":"SearchAction","target":{"@type":"EntryPoint","urlTemplate":"https:\/\/nicolas.melichartrosts.cz\/domains\/nicolas.melichartrosts.cz\/?s={search_term_string}"},"query-input":{"@type":"PropertyValueSpecification","valueRequired":true,"valueName":"search_term_string"}}],"inLanguage":"cs"},{"@type":"Organization","@id":"https:\/\/nicolas.melichartrosts.cz\/domains\/nicolas.melichartrosts.cz\/#organization","name":"Melichar Trost's","url":"https:\/\/nicolas.melichartrosts.cz\/domains\/nicolas.melichartrosts.cz\/","logo":{"@type":"ImageObject","inLanguage":"cs","@id":"https:\/\/nicolas.melichartrosts.cz\/domains\/nicolas.melichartrosts.cz\/#\/schema\/logo\/image\/","url":"https:\/\/nicolas.melichartrosts.cz\/domains\/nicolas.melichartrosts.cz\/wp-content\/uploads\/2025\/01\/orel_white.png","contentUrl":"https:\/\/nicolas.melichartrosts.cz\/domains\/nicolas.melichartrosts.cz\/wp-content\/uploads\/2025\/01\/orel_white.png","width":3200,"height":1800,"caption":"Melichar Trost's"},"image":{"@id":"https:\/\/nicolas.melichartrosts.cz\/domains\/nicolas.melichartrosts.cz\/#\/schema\/logo\/image\/"},"sameAs":["https:\/\/www.facebook.com\/profile.php?id=61559319917941","https:\/\/www.instagram.com\/melichartrost\/"]}]}},"lang":"de","translations":{"de":4973,"cs":4544,"es":4976,"en":4972,"fr":4974,"it":4975},"pll_sync_post":[],"_links":{"self":[{"href":"https:\/\/nicolas.melichartrosts.cz\/domains\/nicolas.melichartrosts.cz\/wp-json\/wp\/v2\/pages\/4973","targetHints":{"allow":["GET"]}}],"collection":[{"href":"https:\/\/nicolas.melichartrosts.cz\/domains\/nicolas.melichartrosts.cz\/wp-json\/wp\/v2\/pages"}],"about":[{"href":"https:\/\/nicolas.melichartrosts.cz\/domains\/nicolas.melichartrosts.cz\/wp-json\/wp\/v2\/types\/page"}],"author":[{"embeddable":true,"href":"https:\/\/nicolas.melichartrosts.cz\/domains\/nicolas.melichartrosts.cz\/wp-json\/wp\/v2\/users\/1"}],"replies":[{"embeddable":true,"href":"https:\/\/nicolas.melichartrosts.cz\/domains\/nicolas.melichartrosts.cz\/wp-json\/wp\/v2\/comments?post=4973"}],"version-history":[{"count":10,"href":"https:\/\/nicolas.melichartrosts.cz\/domains\/nicolas.melichartrosts.cz\/wp-json\/wp\/v2\/pages\/4973\/revisions"}],"predecessor-version":[{"id":5511,"href":"https:\/\/nicolas.melichartrosts.cz\/domains\/nicolas.melichartrosts.cz\/wp-json\/wp\/v2\/pages\/4973\/revisions\/5511"}],"wp:featuredmedia":[{"embeddable":true,"href":"https:\/\/nicolas.melichartrosts.cz\/domains\/nicolas.melichartrosts.cz\/wp-json\/wp\/v2\/media\/4588"}],"wp:attachment":[{"href":"https:\/\/nicolas.melichartrosts.cz\/domains\/nicolas.melichartrosts.cz\/wp-json\/wp\/v2\/media?parent=4973"}],"curies":[{"name":"wp","href":"https:\/\/api.w.org\/{rel}","templated":true}]}}