{"id":4974,"date":"2025-03-02T20:15:15","date_gmt":"2025-03-02T20:15:15","guid":{"rendered":"https:\/\/nicolas.melichartrosts.cz\/domains\/nicolas.melichartrosts.cz\/?page_id=4974"},"modified":"2025-12-02T01:42:14","modified_gmt":"2025-12-02T01:42:14","slug":"reservation-au-restaurant-melichar-trost","status":"publish","type":"page","link":"https:\/\/nicolas.melichartrosts.cz\/domains\/nicolas.melichartrosts.cz\/fr\/reservation-au-restaurant-melichar-trost\/","title":{"rendered":"R\u00e9servation au restaurant Melichar Trost"},"content":{"rendered":"\t\t<div data-elementor-type=\"wp-page\" data-elementor-id=\"4974\" class=\"elementor elementor-4974\">\n\t\t\t\t\t\t<div class=\"elementor-section elementor-top-section elementor-element elementor-element-4089c53 elementor-section-stretched elementor-section-boxed elementor-section-height-default elementor-section-height-default\" data-id=\"4089c53\" data-element_type=\"section\" data-settings=\"{&quot;stretch_section&quot;:&quot;section-stretched&quot;}\">\n\t\t\t\t\t\t<div class=\"elementor-container elementor-column-gap-no\">\n\t\t\t\t\t<div class=\"elementor-column elementor-col-100 elementor-top-column elementor-element elementor-element-e40ef63\" data-id=\"e40ef63\" data-element_type=\"column\">\n\t\t\t<div class=\"elementor-widget-wrap elementor-element-populated\">\n\t\t\t\t\t\t<div class=\"elementor-element elementor-element-a9d9e21 elementor-widget elementor-widget-heading\" data-id=\"a9d9e21\" data-element_type=\"widget\" data-widget_type=\"heading.default\">\n\t\t\t\t<div class=\"elementor-widget-container\">\n\t\t\t\t\t<h1 class=\"elementor-heading-title elementor-size-default\">R\u00e9servations au Restaurant Melichar Trost\u2019s \u2013 Prague Mal\u00e1 Strana<\/h1>\t\t\t\t<\/div>\n\t\t\t\t<\/div>\n\t\t\t\t<div class=\"elementor-element elementor-element-2c0faf4 elementor-widget__width-initial elementor-widget elementor-widget-text-editor\" data-id=\"2c0faf4\" data-element_type=\"widget\" data-widget_type=\"text-editor.default\">\n\t\t\t\t<div class=\"elementor-widget-container\">\n\t\t\t\t\t\t\t\t\t<p data-start=\"3953\" data-end=\"4285\">Vous recherchez l\u2019endroit id\u00e9al pour un d\u00eener, une f\u00eate de famille ou un \u00e9v\u00e9nement professionnel ? R\u00e9servez votre table au <strong data-start=\"4147\" data-end=\"4178\">Restaurant Melichar Trost\u2019s<\/strong> et profitez de l\u2019authentique <strong data-start=\"4208\" data-end=\"4240\">cuisine tch\u00e8que et italienne<\/strong> dans le cadre historique de <strong data-start=\"4269\" data-end=\"4284\">Mal\u00e1 Strana<\/strong>.<\/p><p data-start=\"4287\" data-end=\"4415\"><strong data-start=\"4290\" data-end=\"4336\">Nous sommes situ\u00e9s en plein c\u0153ur de Prague<\/strong>, \u00e0 seulement quelques minutes du <strong data-start=\"4370\" data-end=\"4386\">Pont Charles<\/strong> et du <strong data-start=\"4393\" data-end=\"4414\">Ch\u00e2teau de Prague<\/strong>.<\/p><p data-start=\"4417\" data-end=\"4497\"><strong data-start=\"4420\" data-end=\"4444\">Consultez notre menu<\/strong> et choisissez vos plats pr\u00e9f\u00e9r\u00e9s avant votre visite!<\/p>\t\t\t\t\t\t\t\t<\/div>\n\t\t\t\t<\/div>\n\t\t\t\t<div class=\"elementor-element elementor-element-6b6c8c0 elementor-widget elementor-widget-text-editor\" data-id=\"6b6c8c0\" data-element_type=\"widget\" data-widget_type=\"text-editor.default\">\n\t\t\t\t<div class=\"elementor-widget-container\">\n\t\t\t\t\t\t\t\t\t<h2><strong>Comment faire une r\u00e9servation ?<\/strong><\/h2><p><strong data-start=\"4544\" data-end=\"4585\">La r\u00e9servation est rapide et facile !<\/strong> Contactez-nous simplement par t\u00e9l\u00e9phone ou par e-mail:<\/p><p><img class=\"emoji\" role=\"img\" draggable=\"false\" src=\"https:\/\/s.w.org\/images\/core\/emoji\/15.0.3\/svg\/1f4e7.svg\" alt=\"\ud83d\udce7\" \/> <strong>E-mail:<\/strong> <a href=\"mailto:melichartrost@gmail.com\">melichartrost@gmail.com<\/a><br \/><img class=\"emoji\" role=\"img\" draggable=\"false\" src=\"https:\/\/s.w.org\/images\/core\/emoji\/15.0.3\/svg\/1f4de.svg\" alt=\"\ud83d\udcde\" \/> <strong>Telefon:<\/strong> <a href=\"tel:+420608619407\">+420 608 619 407<\/a><\/p><p><strong data-start=\"4725\" data-end=\"4755\">Vous voulez en voir plus ?<\/strong> D\u00e9couvrez notre <a href=\"https:\/\/nicolas.melichartrosts.cz\/domains\/nicolas.melichartrosts.cz\/fr\/galerie-du-restaurant-melichar-trost\/\">galerie<\/a> pour explorer l\u2019atmosph\u00e8re de notre restaurant.<\/p><h2>H\u00e9bergement aux Appartements Melichar Trost\u2019s<\/h2><p data-start=\"4890\" data-end=\"4988\">Vous cherchez un logement dans le centre historique de Prague ? Nous avons la solution pour vous !<\/p><p data-start=\"4990\" data-end=\"5141\">D\u00e9couvrez nos <strong data-start=\"5007\" data-end=\"5037\">deux appartements \u00e9l\u00e9gants<\/strong> situ\u00e9s juste au-dessus du <strong data-start=\"5064\" data-end=\"5079\">Nicolas Bar<\/strong> \u00e0 l\u2019adresse <strong data-start=\"5092\" data-end=\"5106\">Tr\u017ei\u0161t\u011b 10<\/strong>, en plein c\u0153ur de <strong data-start=\"5125\" data-end=\"5140\">Mal\u00e1 Strana<\/strong>.<\/p><p data-start=\"5143\" data-end=\"5254\"><strong data-start=\"5146\" data-end=\"5187\">R\u00e9servez votre s\u00e9jour via Booking.com<\/strong> et profitez d\u2019un s\u00e9jour m\u00e9morable dans la vieille ville de Prague!<\/p><h3 data-start=\"5256\" data-end=\"5419\"><strong data-start=\"5259\" data-end=\"5293\">Avantages de nos appartements:<\/strong><\/h3><p data-start=\"5256\" data-end=\"5419\">\u2714 Emplacement id\u00e9al au centre de Prague<br data-start=\"5335\" data-end=\"5338\" \/>\u2714 Int\u00e9rieur \u00e9l\u00e9gant et confortable<br data-start=\"5372\" data-end=\"5375\" \/>\u2714 Acc\u00e8s facile aux principales attractions<\/p><p data-start=\"5421\" data-end=\"5489\">En savoir plus sur nos appartements sur la page <a href=\"https:\/\/nicolas.melichartrosts.cz\/domains\/nicolas.melichartrosts.cz\/fr\/appartements-melichar-trosts\/\"><strong data-start=\"5472\" data-end=\"5488\">Appartements<\/strong><\/a>.<\/p><h2>D\u00e9couvrez d\u2019autres excellents \u00e9tablissements sur la place Malostransk\u00e9!<\/h2><p data-start=\"1840\" data-end=\"1960\">Si vous cherchez d\u2019autres endroits sympas \u00e0 Prague, nous vous recommandons de visiter nos \u00e9tablissements partenaires:<\/p><ul><li><strong><a href=\"https:\/\/www.nicolasbar.cz\/\" target=\"_new\" rel=\"noopener\">Nicolas Bar<\/a><\/strong> \u2013 Un <strong data-start=\"1983\" data-end=\"1998\">bar \u00e9l\u00e9gant<\/strong> avec des <strong data-start=\"2008\" data-end=\"2029\">cocktails premium<\/strong> et des <strong data-start=\"2037\" data-end=\"2056\">vins de qualit\u00e9<\/strong>, parfait pour une soir\u00e9e d\u00e9tendue au centre historique de Prague.<\/li><li><strong><a href=\"https:\/\/www.utrizlatychhvezd.cz\/\" target=\"_new\" rel=\"noopener\">U T\u0159\u00ed Zlat\u00fdch Hv\u011bzd<\/a><\/strong> \u2013 Un <strong data-start=\"2154\" data-end=\"2189\">restaurant tch\u00e8que traditionnel<\/strong> servant des sp\u00e9cialit\u00e9s de premier choix avec une ambiance authentique de <strong data-start=\"2264\" data-end=\"2279\">Mal\u00e1 Strana<\/strong>.<\/li><\/ul><p>Venez profiter d\u2019une atmosph\u00e8re inoubliable dans nos \u00e9tablissements situ\u00e9s au c\u0153ur de Prague!<\/p>\t\t\t\t\t\t\t\t<\/div>\n\t\t\t\t<\/div>\n\t\t\t\t\t<\/div>\n\t\t<\/div>\n\t\t\t\t\t<\/div>\n\t\t<\/div>\n\t\t\t\t<div class=\"elementor-section elementor-top-section elementor-element elementor-element-0c7cb09 elementor-section-stretched elementor-section-boxed elementor-section-height-default elementor-section-height-default\" data-id=\"0c7cb09\" data-element_type=\"section\" data-settings=\"{&quot;stretch_section&quot;:&quot;section-stretched&quot;}\">\n\t\t\t\t\t\t<div class=\"elementor-container elementor-column-gap-no\">\n\t\t\t\t\t<div class=\"elementor-column elementor-col-100 elementor-top-column elementor-element elementor-element-6ebbdd4\" data-id=\"6ebbdd4\" data-element_type=\"column\">\n\t\t\t<div class=\"elementor-widget-wrap\">\n\t\t\t\t\t\t\t<\/div>\n\t\t<\/div>\n\t\t\t\t\t<\/div>\n\t\t<\/div>\n\t\t<div class=\"elementor-element elementor-element-41f149d e-flex e-con-boxed e-con e-parent\" data-id=\"41f149d\" data-element_type=\"container\">\n\t\t\t\t\t<div class=\"e-con-inner\">\n\t\t\t\t<div class=\"elementor-element elementor-element-fc7639a elementor-widget elementor-widget-text-editor\" data-id=\"fc7639a\" data-element_type=\"widget\" data-widget_type=\"text-editor.default\">\n\t\t\t\t<div class=\"elementor-widget-container\">\n\t\t\t\t\t\t\t\t\t<div id=\"hors-hydra-e7e4b910-8291-11ef-8ace-c56a6c7273d6\"><\/div><script>\tvar _hors=[['eid','hydra-e7e4b910-8291-11ef-8ace-c56a6c7273d6'],['tagid','hors-hydra-e7e4b910-8291-11ef-8ace-c56a6c7273d6'],['width','100%'],['height',''],['foregroundColor',''],['backgroundColor',''],['linkColor',''],['errorColor',''],['primaryButtonForegroundColor',''],['primaryButtonBackgroundColor',''],['secondaryButtonForegroundColor',''],['secondaryButtonBackgroundColor','']];\t(function(d, t) { var e=d.createElement(t),s=d.getElementsByTagName(t)[0];\te.src = \"https:\/\/reservation.dish.co\/widget.js\";\ts.parentNode.insertBefore(e,s);\t}(document, 'script'));<\/script>\t\t\t\t\t\t\t\t<\/div>\n\t\t\t\t<\/div>\n\t\t\t\t\t<\/div>\n\t\t\t\t<\/div>\n\t\t\t\t<\/div>\n\t\t","protected":false},"excerpt":{"rendered":"<p>R\u00e9servations au Restaurant Melichar Trost\u2019s \u2013 Prague Mal\u00e1 Strana Vous recherchez l\u2019endroit id\u00e9al pour un d\u00eener, une f\u00eate de famille ou un \u00e9v\u00e9nement professionnel ? R\u00e9servez votre table au Restaurant Melichar Trost\u2019s et profitez de l\u2019authentique cuisine tch\u00e8que et italienne dans le cadre historique de Mal\u00e1 Strana. Nous sommes situ\u00e9s en plein c\u0153ur de Prague, [&hellip;]<\/p>\n","protected":false},"author":1,"featured_media":4588,"parent":0,"menu_order":0,"comment_status":"closed","ping_status":"closed","template":"elementor_header_footer","meta":{"inline_featured_image":false,"footnotes":""},"class_list":["post-4974","page","type-page","status-publish","has-post-thumbnail","hentry"],"yoast_head":"<!-- This site is optimized with the Yoast SEO plugin v24.5 - https:\/\/yoast.com\/wordpress\/plugins\/seo\/ -->\n<title>R\u00e9servation au restaurant Melichar Trost | Melichar Trost&#039;s<\/title>\n<meta name=\"description\" content=\"R\u00e9servez une table au restaurant Melichar Trost \u00e0 Mal\u00e1 Strana. Un lieu id\u00e9al pour des d\u00eeners romantiques, des f\u00eates de famille et des \u00e9v\u00e9nements d\u2019entreprise. Nous proposons \u00e9galement des appartements \u00e9l\u00e9gants dans le centre historique de Prague!\" \/>\n<meta name=\"robots\" content=\"index, follow, max-snippet:-1, max-image-preview:large, max-video-preview:-1\" \/>\n<link rel=\"canonical\" href=\"https:\/\/nicolas.melichartrosts.cz\/domains\/nicolas.melichartrosts.cz\/fr\/reservation-au-restaurant-melichar-trost\/\" \/>\n<meta property=\"og:locale\" content=\"cs_CZ\" \/>\n<meta property=\"og:type\" content=\"article\" \/>\n<meta property=\"og:title\" content=\"R\u00e9servation au restaurant Melichar Trost | Melichar Trost&#039;s\" \/>\n<meta property=\"og:description\" content=\"R\u00e9servez une table au restaurant Melichar Trost \u00e0 Mal\u00e1 Strana. Un lieu id\u00e9al pour des d\u00eeners romantiques, des f\u00eates de famille et des \u00e9v\u00e9nements d\u2019entreprise. Nous proposons \u00e9galement des appartements \u00e9l\u00e9gants dans le centre historique de Prague!\" \/>\n<meta property=\"og:url\" content=\"https:\/\/nicolas.melichartrosts.cz\/domains\/nicolas.melichartrosts.cz\/fr\/reservation-au-restaurant-melichar-trost\/\" \/>\n<meta property=\"og:site_name\" content=\"Melichar Trost&#039;s\" \/>\n<meta property=\"article:publisher\" content=\"https:\/\/www.facebook.com\/profile.php?id=61559319917941\" \/>\n<meta property=\"article:modified_time\" content=\"2025-12-02T01:42:14+00:00\" \/>\n<meta property=\"og:image\" content=\"https:\/\/nicolas.melichartrosts.cz\/domains\/nicolas.melichartrosts.cz\/wp-content\/uploads\/2025\/01\/og.jpg\" \/>\n\t<meta property=\"og:image:width\" content=\"1200\" \/>\n\t<meta property=\"og:image:height\" content=\"675\" \/>\n\t<meta property=\"og:image:type\" content=\"image\/jpeg\" \/>\n<meta name=\"twitter:card\" content=\"summary_large_image\" \/>\n<meta name=\"twitter:label1\" content=\"Odhadovan\u00e1 doba \u010dten\u00ed\" \/>\n\t<meta name=\"twitter:data1\" content=\"3 minuty\" \/>\n<script type=\"application\/ld+json\" class=\"yoast-schema-graph\">{\"@context\":\"https:\/\/schema.org\",\"@graph\":[{\"@type\":\"WebPage\",\"@id\":\"https:\/\/nicolas.melichartrosts.cz\/domains\/nicolas.melichartrosts.cz\/fr\/reservation-au-restaurant-melichar-trost\/\",\"url\":\"https:\/\/nicolas.melichartrosts.cz\/domains\/nicolas.melichartrosts.cz\/fr\/reservation-au-restaurant-melichar-trost\/\",\"name\":\"R\u00e9servation au restaurant Melichar Trost | Melichar Trost&#039;s\",\"isPartOf\":{\"@id\":\"https:\/\/nicolas.melichartrosts.cz\/domains\/nicolas.melichartrosts.cz\/#website\"},\"primaryImageOfPage\":{\"@id\":\"https:\/\/nicolas.melichartrosts.cz\/domains\/nicolas.melichartrosts.cz\/fr\/reservation-au-restaurant-melichar-trost\/#primaryimage\"},\"image\":{\"@id\":\"https:\/\/nicolas.melichartrosts.cz\/domains\/nicolas.melichartrosts.cz\/fr\/reservation-au-restaurant-melichar-trost\/#primaryimage\"},\"thumbnailUrl\":\"https:\/\/nicolas.melichartrosts.cz\/domains\/nicolas.melichartrosts.cz\/wp-content\/uploads\/2025\/01\/og.jpg\",\"datePublished\":\"2025-03-02T20:15:15+00:00\",\"dateModified\":\"2025-12-02T01:42:14+00:00\",\"description\":\"R\u00e9servez une table au restaurant Melichar Trost \u00e0 Mal\u00e1 Strana. Un lieu id\u00e9al pour des d\u00eeners romantiques, des f\u00eates de famille et des \u00e9v\u00e9nements d\u2019entreprise. Nous proposons \u00e9galement des appartements \u00e9l\u00e9gants dans le centre historique de Prague!\",\"breadcrumb\":{\"@id\":\"https:\/\/nicolas.melichartrosts.cz\/domains\/nicolas.melichartrosts.cz\/fr\/reservation-au-restaurant-melichar-trost\/#breadcrumb\"},\"inLanguage\":\"cs\",\"potentialAction\":[{\"@type\":\"ReadAction\",\"target\":[\"https:\/\/nicolas.melichartrosts.cz\/domains\/nicolas.melichartrosts.cz\/fr\/reservation-au-restaurant-melichar-trost\/\"]}]},{\"@type\":\"ImageObject\",\"inLanguage\":\"cs\",\"@id\":\"https:\/\/nicolas.melichartrosts.cz\/domains\/nicolas.melichartrosts.cz\/fr\/reservation-au-restaurant-melichar-trost\/#primaryimage\",\"url\":\"https:\/\/nicolas.melichartrosts.cz\/domains\/nicolas.melichartrosts.cz\/wp-content\/uploads\/2025\/01\/og.jpg\",\"contentUrl\":\"https:\/\/nicolas.melichartrosts.cz\/domains\/nicolas.melichartrosts.cz\/wp-content\/uploads\/2025\/01\/og.jpg\",\"width\":1200,\"height\":675,\"caption\":\"OG Logo\"},{\"@type\":\"BreadcrumbList\",\"@id\":\"https:\/\/nicolas.melichartrosts.cz\/domains\/nicolas.melichartrosts.cz\/fr\/reservation-au-restaurant-melichar-trost\/#breadcrumb\",\"itemListElement\":[{\"@type\":\"ListItem\",\"position\":1,\"name\":\"Dom\u016f\",\"item\":\"https:\/\/nicolas.melichartrosts.cz\/domains\/nicolas.melichartrosts.cz\/cs\/\"},{\"@type\":\"ListItem\",\"position\":2,\"name\":\"R\u00e9servation au restaurant Melichar Trost\"}]},{\"@type\":\"WebSite\",\"@id\":\"https:\/\/nicolas.melichartrosts.cz\/domains\/nicolas.melichartrosts.cz\/#website\",\"url\":\"https:\/\/nicolas.melichartrosts.cz\/domains\/nicolas.melichartrosts.cz\/\",\"name\":\"Melichar Trost's \u2013 Restaurace & Apartm\u00e1ny v Praze\",\"description\":\"\u00datuln\u00e1 restaurace s \u010deskou a italskou kuchyn\u00ed a t\u0159emi apartm\u00e1ny na Mal\u00e9 Stran\u011b, Praha.\",\"publisher\":{\"@id\":\"https:\/\/nicolas.melichartrosts.cz\/domains\/nicolas.melichartrosts.cz\/#organization\"},\"alternateName\":\"Melichar Trost's\",\"potentialAction\":[{\"@type\":\"SearchAction\",\"target\":{\"@type\":\"EntryPoint\",\"urlTemplate\":\"https:\/\/nicolas.melichartrosts.cz\/domains\/nicolas.melichartrosts.cz\/?s={search_term_string}\"},\"query-input\":{\"@type\":\"PropertyValueSpecification\",\"valueRequired\":true,\"valueName\":\"search_term_string\"}}],\"inLanguage\":\"cs\"},{\"@type\":\"Organization\",\"@id\":\"https:\/\/nicolas.melichartrosts.cz\/domains\/nicolas.melichartrosts.cz\/#organization\",\"name\":\"Melichar Trost's\",\"url\":\"https:\/\/nicolas.melichartrosts.cz\/domains\/nicolas.melichartrosts.cz\/\",\"logo\":{\"@type\":\"ImageObject\",\"inLanguage\":\"cs\",\"@id\":\"https:\/\/nicolas.melichartrosts.cz\/domains\/nicolas.melichartrosts.cz\/#\/schema\/logo\/image\/\",\"url\":\"https:\/\/nicolas.melichartrosts.cz\/domains\/nicolas.melichartrosts.cz\/wp-content\/uploads\/2025\/01\/orel_white.png\",\"contentUrl\":\"https:\/\/nicolas.melichartrosts.cz\/domains\/nicolas.melichartrosts.cz\/wp-content\/uploads\/2025\/01\/orel_white.png\",\"width\":3200,\"height\":1800,\"caption\":\"Melichar Trost's\"},\"image\":{\"@id\":\"https:\/\/nicolas.melichartrosts.cz\/domains\/nicolas.melichartrosts.cz\/#\/schema\/logo\/image\/\"},\"sameAs\":[\"https:\/\/www.facebook.com\/profile.php?id=61559319917941\",\"https:\/\/www.instagram.com\/melichartrost\/\"]}]}<\/script>\n<!-- \/ Yoast SEO plugin. -->","yoast_head_json":{"title":"R\u00e9servation au restaurant Melichar Trost | Melichar Trost&#039;s","description":"R\u00e9servez une table au restaurant Melichar Trost \u00e0 Mal\u00e1 Strana. Un lieu id\u00e9al pour des d\u00eeners romantiques, des f\u00eates de famille et des \u00e9v\u00e9nements d\u2019entreprise. Nous proposons \u00e9galement des appartements \u00e9l\u00e9gants dans le centre historique de Prague!","robots":{"index":"index","follow":"follow","max-snippet":"max-snippet:-1","max-image-preview":"max-image-preview:large","max-video-preview":"max-video-preview:-1"},"canonical":"https:\/\/nicolas.melichartrosts.cz\/domains\/nicolas.melichartrosts.cz\/fr\/reservation-au-restaurant-melichar-trost\/","og_locale":"cs_CZ","og_type":"article","og_title":"R\u00e9servation au restaurant Melichar Trost | Melichar Trost&#039;s","og_description":"R\u00e9servez une table au restaurant Melichar Trost \u00e0 Mal\u00e1 Strana. Un lieu id\u00e9al pour des d\u00eeners romantiques, des f\u00eates de famille et des \u00e9v\u00e9nements d\u2019entreprise. Nous proposons \u00e9galement des appartements \u00e9l\u00e9gants dans le centre historique de Prague!","og_url":"https:\/\/nicolas.melichartrosts.cz\/domains\/nicolas.melichartrosts.cz\/fr\/reservation-au-restaurant-melichar-trost\/","og_site_name":"Melichar Trost&#039;s","article_publisher":"https:\/\/www.facebook.com\/profile.php?id=61559319917941","article_modified_time":"2025-12-02T01:42:14+00:00","og_image":[{"width":1200,"height":675,"url":"https:\/\/nicolas.melichartrosts.cz\/domains\/nicolas.melichartrosts.cz\/wp-content\/uploads\/2025\/01\/og.jpg","type":"image\/jpeg"}],"twitter_card":"summary_large_image","twitter_misc":{"Odhadovan\u00e1 doba \u010dten\u00ed":"3 minuty"},"schema":{"@context":"https:\/\/schema.org","@graph":[{"@type":"WebPage","@id":"https:\/\/nicolas.melichartrosts.cz\/domains\/nicolas.melichartrosts.cz\/fr\/reservation-au-restaurant-melichar-trost\/","url":"https:\/\/nicolas.melichartrosts.cz\/domains\/nicolas.melichartrosts.cz\/fr\/reservation-au-restaurant-melichar-trost\/","name":"R\u00e9servation au restaurant Melichar Trost | Melichar Trost&#039;s","isPartOf":{"@id":"https:\/\/nicolas.melichartrosts.cz\/domains\/nicolas.melichartrosts.cz\/#website"},"primaryImageOfPage":{"@id":"https:\/\/nicolas.melichartrosts.cz\/domains\/nicolas.melichartrosts.cz\/fr\/reservation-au-restaurant-melichar-trost\/#primaryimage"},"image":{"@id":"https:\/\/nicolas.melichartrosts.cz\/domains\/nicolas.melichartrosts.cz\/fr\/reservation-au-restaurant-melichar-trost\/#primaryimage"},"thumbnailUrl":"https:\/\/nicolas.melichartrosts.cz\/domains\/nicolas.melichartrosts.cz\/wp-content\/uploads\/2025\/01\/og.jpg","datePublished":"2025-03-02T20:15:15+00:00","dateModified":"2025-12-02T01:42:14+00:00","description":"R\u00e9servez une table au restaurant Melichar Trost \u00e0 Mal\u00e1 Strana. Un lieu id\u00e9al pour des d\u00eeners romantiques, des f\u00eates de famille et des \u00e9v\u00e9nements d\u2019entreprise. Nous proposons \u00e9galement des appartements \u00e9l\u00e9gants dans le centre historique de Prague!","breadcrumb":{"@id":"https:\/\/nicolas.melichartrosts.cz\/domains\/nicolas.melichartrosts.cz\/fr\/reservation-au-restaurant-melichar-trost\/#breadcrumb"},"inLanguage":"cs","potentialAction":[{"@type":"ReadAction","target":["https:\/\/nicolas.melichartrosts.cz\/domains\/nicolas.melichartrosts.cz\/fr\/reservation-au-restaurant-melichar-trost\/"]}]},{"@type":"ImageObject","inLanguage":"cs","@id":"https:\/\/nicolas.melichartrosts.cz\/domains\/nicolas.melichartrosts.cz\/fr\/reservation-au-restaurant-melichar-trost\/#primaryimage","url":"https:\/\/nicolas.melichartrosts.cz\/domains\/nicolas.melichartrosts.cz\/wp-content\/uploads\/2025\/01\/og.jpg","contentUrl":"https:\/\/nicolas.melichartrosts.cz\/domains\/nicolas.melichartrosts.cz\/wp-content\/uploads\/2025\/01\/og.jpg","width":1200,"height":675,"caption":"OG Logo"},{"@type":"BreadcrumbList","@id":"https:\/\/nicolas.melichartrosts.cz\/domains\/nicolas.melichartrosts.cz\/fr\/reservation-au-restaurant-melichar-trost\/#breadcrumb","itemListElement":[{"@type":"ListItem","position":1,"name":"Dom\u016f","item":"https:\/\/nicolas.melichartrosts.cz\/domains\/nicolas.melichartrosts.cz\/cs\/"},{"@type":"ListItem","position":2,"name":"R\u00e9servation au restaurant Melichar Trost"}]},{"@type":"WebSite","@id":"https:\/\/nicolas.melichartrosts.cz\/domains\/nicolas.melichartrosts.cz\/#website","url":"https:\/\/nicolas.melichartrosts.cz\/domains\/nicolas.melichartrosts.cz\/","name":"Melichar Trost's \u2013 Restaurace & Apartm\u00e1ny v Praze","description":"\u00datuln\u00e1 restaurace s \u010deskou a italskou kuchyn\u00ed a t\u0159emi apartm\u00e1ny na Mal\u00e9 Stran\u011b, Praha.","publisher":{"@id":"https:\/\/nicolas.melichartrosts.cz\/domains\/nicolas.melichartrosts.cz\/#organization"},"alternateName":"Melichar Trost's","potentialAction":[{"@type":"SearchAction","target":{"@type":"EntryPoint","urlTemplate":"https:\/\/nicolas.melichartrosts.cz\/domains\/nicolas.melichartrosts.cz\/?s={search_term_string}"},"query-input":{"@type":"PropertyValueSpecification","valueRequired":true,"valueName":"search_term_string"}}],"inLanguage":"cs"},{"@type":"Organization","@id":"https:\/\/nicolas.melichartrosts.cz\/domains\/nicolas.melichartrosts.cz\/#organization","name":"Melichar Trost's","url":"https:\/\/nicolas.melichartrosts.cz\/domains\/nicolas.melichartrosts.cz\/","logo":{"@type":"ImageObject","inLanguage":"cs","@id":"https:\/\/nicolas.melichartrosts.cz\/domains\/nicolas.melichartrosts.cz\/#\/schema\/logo\/image\/","url":"https:\/\/nicolas.melichartrosts.cz\/domains\/nicolas.melichartrosts.cz\/wp-content\/uploads\/2025\/01\/orel_white.png","contentUrl":"https:\/\/nicolas.melichartrosts.cz\/domains\/nicolas.melichartrosts.cz\/wp-content\/uploads\/2025\/01\/orel_white.png","width":3200,"height":1800,"caption":"Melichar Trost's"},"image":{"@id":"https:\/\/nicolas.melichartrosts.cz\/domains\/nicolas.melichartrosts.cz\/#\/schema\/logo\/image\/"},"sameAs":["https:\/\/www.facebook.com\/profile.php?id=61559319917941","https:\/\/www.instagram.com\/melichartrost\/"]}]}},"lang":"fr","translations":{"fr":4974,"cs":4544,"es":4976,"en":4972,"de":4973,"it":4975},"pll_sync_post":[],"_links":{"self":[{"href":"https:\/\/nicolas.melichartrosts.cz\/domains\/nicolas.melichartrosts.cz\/wp-json\/wp\/v2\/pages\/4974","targetHints":{"allow":["GET"]}}],"collection":[{"href":"https:\/\/nicolas.melichartrosts.cz\/domains\/nicolas.melichartrosts.cz\/wp-json\/wp\/v2\/pages"}],"about":[{"href":"https:\/\/nicolas.melichartrosts.cz\/domains\/nicolas.melichartrosts.cz\/wp-json\/wp\/v2\/types\/page"}],"author":[{"embeddable":true,"href":"https:\/\/nicolas.melichartrosts.cz\/domains\/nicolas.melichartrosts.cz\/wp-json\/wp\/v2\/users\/1"}],"replies":[{"embeddable":true,"href":"https:\/\/nicolas.melichartrosts.cz\/domains\/nicolas.melichartrosts.cz\/wp-json\/wp\/v2\/comments?post=4974"}],"version-history":[{"count":7,"href":"https:\/\/nicolas.melichartrosts.cz\/domains\/nicolas.melichartrosts.cz\/wp-json\/wp\/v2\/pages\/4974\/revisions"}],"predecessor-version":[{"id":5530,"href":"https:\/\/nicolas.melichartrosts.cz\/domains\/nicolas.melichartrosts.cz\/wp-json\/wp\/v2\/pages\/4974\/revisions\/5530"}],"wp:featuredmedia":[{"embeddable":true,"href":"https:\/\/nicolas.melichartrosts.cz\/domains\/nicolas.melichartrosts.cz\/wp-json\/wp\/v2\/media\/4588"}],"wp:attachment":[{"href":"https:\/\/nicolas.melichartrosts.cz\/domains\/nicolas.melichartrosts.cz\/wp-json\/wp\/v2\/media?parent=4974"}],"curies":[{"name":"wp","href":"https:\/\/api.w.org\/{rel}","templated":true}]}}