{"id":4976,"date":"2025-03-02T20:17:01","date_gmt":"2025-03-02T20:17:01","guid":{"rendered":"https:\/\/nicolas.melichartrosts.cz\/domains\/nicolas.melichartrosts.cz\/?page_id=4976"},"modified":"2025-12-02T02:19:31","modified_gmt":"2025-12-02T02:19:31","slug":"reserva-en-el-restaurante-melichar-trost","status":"publish","type":"page","link":"https:\/\/nicolas.melichartrosts.cz\/domains\/nicolas.melichartrosts.cz\/es\/reserva-en-el-restaurante-melichar-trost\/","title":{"rendered":"Reserva en el Restaurante Melichar Trost"},"content":{"rendered":"\t\t<div data-elementor-type=\"wp-page\" data-elementor-id=\"4976\" class=\"elementor elementor-4976\">\n\t\t\t\t\t\t<div class=\"elementor-section elementor-top-section elementor-element elementor-element-4089c53 elementor-section-stretched elementor-section-boxed elementor-section-height-default elementor-section-height-default\" data-id=\"4089c53\" data-element_type=\"section\" data-settings=\"{&quot;stretch_section&quot;:&quot;section-stretched&quot;}\">\n\t\t\t\t\t\t<div class=\"elementor-container elementor-column-gap-no\">\n\t\t\t\t\t<div class=\"elementor-column elementor-col-100 elementor-top-column elementor-element elementor-element-e40ef63\" data-id=\"e40ef63\" data-element_type=\"column\">\n\t\t\t<div class=\"elementor-widget-wrap elementor-element-populated\">\n\t\t\t\t\t\t<div class=\"elementor-element elementor-element-a9d9e21 elementor-widget elementor-widget-heading\" data-id=\"a9d9e21\" data-element_type=\"widget\" data-widget_type=\"heading.default\">\n\t\t\t\t<div class=\"elementor-widget-container\">\n\t\t\t\t\t<h1 class=\"elementor-heading-title elementor-size-default\">Reservas en el Restaurante Melichar Trost\u2019s \u2013 Praga Mal\u00e1 Strana<\/h1>\t\t\t\t<\/div>\n\t\t\t\t<\/div>\n\t\t\t\t<div class=\"elementor-element elementor-element-2c0faf4 elementor-widget__width-initial elementor-widget elementor-widget-text-editor\" data-id=\"2c0faf4\" data-element_type=\"widget\" data-widget_type=\"text-editor.default\">\n\t\t\t\t<div class=\"elementor-widget-container\">\n\t\t\t\t\t\t\t\t\t<p data-start=\"4581\" data-end=\"4826\">\u00bfEst\u00e1 buscando el lugar perfecto para una cena, una fiesta familiar o un evento de empresa? Reserve su mesa en el <strong data-start=\"4695\" data-end=\"4727\">Restaurante Melichar Trost\u2019s<\/strong> y disfrute de la aut\u00e9ntica <strong data-start=\"4755\" data-end=\"4782\">cocina checa e italiana<\/strong> en el entorno hist\u00f3rico de <strong data-start=\"4810\" data-end=\"4825\">Mal\u00e1 Strana<\/strong>.<\/p><p data-start=\"4828\" data-end=\"4948\"><strong data-start=\"4831\" data-end=\"4873\">Estamos ubicados en el centro de Praga<\/strong>, a solo unos minutos del <strong data-start=\"4899\" data-end=\"4919\">Puente de Carlos<\/strong> y del <strong data-start=\"4926\" data-end=\"4947\">Castillo de Praga<\/strong>.<\/p><p data-start=\"4950\" data-end=\"5027\"><strong data-start=\"4953\" data-end=\"4978\">Consulte nuestro <a href=\"https:\/\/nicolas.melichartrosts.cz\/domains\/nicolas.melichartrosts.cz\/es\/menu-del-restaurante-melichar-trost\/\">men\u00fa<\/a><\/strong> y elija sus platos favoritos antes de su visita.<\/p>\t\t\t\t\t\t\t\t<\/div>\n\t\t\t\t<\/div>\n\t\t\t\t<div class=\"elementor-element elementor-element-6b6c8c0 elementor-widget elementor-widget-text-editor\" data-id=\"6b6c8c0\" data-element_type=\"widget\" data-widget_type=\"text-editor.default\">\n\t\t\t\t<div class=\"elementor-widget-container\">\n\t\t\t\t\t\t\t\t\t<h2>\u00bfC\u00f3mo hacer una reserva?<\/h2><p><strong data-start=\"5067\" data-end=\"5102\">\u00a1Reservar es r\u00e1pido y sencillo!<\/strong> Cont\u00e1ctenos por tel\u00e9fono o por correo electr\u00f3nico:<\/p><p><img class=\"emoji\" role=\"img\" draggable=\"false\" src=\"https:\/\/s.w.org\/images\/core\/emoji\/15.0.3\/svg\/1f4e7.svg\" alt=\"\ud83d\udce7\" \/> <strong>E-mail:<\/strong> <a href=\"mailto:melichartrost@gmail.com\">melichartrost@gmail.com<\/a><br \/><img class=\"emoji\" role=\"img\" draggable=\"false\" src=\"https:\/\/s.w.org\/images\/core\/emoji\/15.0.3\/svg\/1f4de.svg\" alt=\"\ud83d\udcde\" \/> <strong>Tel\u00e9fono:<\/strong> <a href=\"tel:+420608619407\">+420 608 619 407<\/a><\/p><p data-start=\"5246\" data-end=\"5345\"><strong data-start=\"5249\" data-end=\"5269\">\u00bfQuiere ver m\u00e1s?<\/strong> Descubra nuestra <a href=\"https:\/\/nicolas.melichartrosts.cz\/domains\/nicolas.melichartrosts.cz\/es\/galeria-del-restaurante-melichar-trost\/\">galer\u00eda<\/a> para explorar la atm\u00f3sfera de nuestro restaurante.<\/p><h2 data-start=\"5352\" data-end=\"5410\"><strong data-start=\"5356\" data-end=\"5408\">Alojamiento en los Apartamentos Melichar Trost\u2019s<\/strong><\/h2><p data-start=\"5411\" data-end=\"5504\">\u00bfBusca alojamiento en el centro hist\u00f3rico de Praga? \u00a1Tenemos la soluci\u00f3n perfecta para usted!<\/p><p data-start=\"5506\" data-end=\"5666\">Descubra nuestros <strong data-start=\"5527\" data-end=\"5557\">dos elegantes apartamentos<\/strong> situados justo encima del <strong data-start=\"5584\" data-end=\"5599\">Nicolas Bar<\/strong>, en la direcci\u00f3n <strong data-start=\"5617\" data-end=\"5631\">Tr\u017ei\u0161t\u011b 10<\/strong>, en el coraz\u00f3n de <strong data-start=\"5650\" data-end=\"5665\">Mal\u00e1 Strana<\/strong>.<\/p><p data-start=\"5668\" data-end=\"5777\"><strong data-start=\"5671\" data-end=\"5718\">Reserve su estancia a trav\u00e9s de Booking.com<\/strong> y disfrute de una experiencia \u00fanica en la hist\u00f3rica Praga.<\/p><h3 data-start=\"5779\" data-end=\"5944\"><strong data-start=\"5782\" data-end=\"5820\">Ventajas de nuestros apartamentos:<\/strong><\/h3><p data-start=\"5779\" data-end=\"5944\">\u2714 Ubicaci\u00f3n perfecta en el centro de Praga<br data-start=\"5865\" data-end=\"5868\" \/>\u2714 Interior elegante y c\u00f3modo<br data-start=\"5896\" data-end=\"5899\" \/>\u2714 F\u00e1cil acceso a los principales monumentos<\/p><p data-start=\"5946\" data-end=\"6034\">Obtenga m\u00e1s informaci\u00f3n sobre nuestros apartamentos en la p\u00e1gina de <a href=\"https:\/\/nicolas.melichartrosts.cz\/domains\/nicolas.melichartrosts.cz\/es\/apartamentos-melichar-trosts\/\"><strong data-start=\"6017\" data-end=\"6033\">Apartamentos<\/strong><\/a>.<\/p><h2 data-start=\"6041\" data-end=\"6114\"><strong data-start=\"6045\" data-end=\"6112\">\u00a1Descubra otros lugares excelentes en la Plaza de Malostransk\u00e9!<\/strong><\/h2><p data-start=\"6115\" data-end=\"6228\">Si est\u00e1 buscando m\u00e1s lugares geniales para comer y disfrutar, le recomendamos visitar nuestros locales asociados:<\/p><ul><li><strong><a href=\"https:\/\/www.nicolasbar.cz\/\" target=\"_new\" rel=\"noopener\">Nicolas Bar<\/a><\/strong> \u2013 Un <strong data-start=\"6251\" data-end=\"6267\">bar elegante<\/strong> con una selecci\u00f3n \u00fanica de <strong data-start=\"6295\" data-end=\"6315\">c\u00f3cteles premium<\/strong> y <strong data-start=\"6318\" data-end=\"6338\">vinos de calidad<\/strong>, perfecto para una noche especial en el centro hist\u00f3rico de Praga.<\/li><li><strong><a href=\"https:\/\/www.utrizlatychhvezd.cz\/\" target=\"_new\" rel=\"noopener\">U T\u0159\u00ed Zlat\u00fdch Hv\u011bzd<\/a><\/strong> \u2013 Un <strong data-start=\"6437\" data-end=\"6470\">restaurante checo tradicional<\/strong> con especialidades de primera clase en un ambiente aut\u00e9ntico de <strong data-start=\"6535\" data-end=\"6550\">Mal\u00e1 Strana<\/strong>.<\/li><\/ul><p>\u00a1Venga y disfrute de una experiencia inolvidable en nuestros locales en el coraz\u00f3n de Praga!<\/p>\t\t\t\t\t\t\t\t<\/div>\n\t\t\t\t<\/div>\n\t\t\t\t\t<\/div>\n\t\t<\/div>\n\t\t\t\t\t<\/div>\n\t\t<\/div>\n\t\t\t\t<div class=\"elementor-section elementor-top-section elementor-element elementor-element-0c7cb09 elementor-section-stretched elementor-section-boxed elementor-section-height-default elementor-section-height-default\" data-id=\"0c7cb09\" data-element_type=\"section\" data-settings=\"{&quot;stretch_section&quot;:&quot;section-stretched&quot;}\">\n\t\t\t\t\t\t<div class=\"elementor-container elementor-column-gap-no\">\n\t\t\t\t\t<div class=\"elementor-column elementor-col-100 elementor-top-column elementor-element elementor-element-6ebbdd4\" data-id=\"6ebbdd4\" data-element_type=\"column\">\n\t\t\t<div class=\"elementor-widget-wrap\">\n\t\t\t\t\t\t\t<\/div>\n\t\t<\/div>\n\t\t\t\t\t<\/div>\n\t\t<\/div>\n\t\t<div class=\"elementor-element elementor-element-41f149d e-flex e-con-boxed e-con e-parent\" data-id=\"41f149d\" data-element_type=\"container\">\n\t\t\t\t\t<div class=\"e-con-inner\">\n\t\t\t\t<div class=\"elementor-element elementor-element-fc7639a elementor-widget elementor-widget-text-editor\" data-id=\"fc7639a\" data-element_type=\"widget\" data-widget_type=\"text-editor.default\">\n\t\t\t\t<div class=\"elementor-widget-container\">\n\t\t\t\t\t\t\t\t\t<div id=\"hors-hydra-e7e4b910-8291-11ef-8ace-c56a6c7273d6\"><\/div><script>\tvar _hors=[['eid','hydra-e7e4b910-8291-11ef-8ace-c56a6c7273d6'],['tagid','hors-hydra-e7e4b910-8291-11ef-8ace-c56a6c7273d6'],['width','100%'],['height',''],['foregroundColor',''],['backgroundColor',''],['linkColor',''],['errorColor',''],['primaryButtonForegroundColor',''],['primaryButtonBackgroundColor',''],['secondaryButtonForegroundColor',''],['secondaryButtonBackgroundColor','']];\t(function(d, t) { var e=d.createElement(t),s=d.getElementsByTagName(t)[0];\te.src = \"https:\/\/reservation.dish.co\/widget.js\";\ts.parentNode.insertBefore(e,s);\t}(document, 'script'));<\/script>\t\t\t\t\t\t\t\t<\/div>\n\t\t\t\t<\/div>\n\t\t\t\t\t<\/div>\n\t\t\t\t<\/div>\n\t\t\t\t<\/div>\n\t\t","protected":false},"excerpt":{"rendered":"<p>Reservas en el Restaurante Melichar Trost\u2019s \u2013 Praga Mal\u00e1 Strana \u00bfEst\u00e1 buscando el lugar perfecto para una cena, una fiesta familiar o un evento de empresa? Reserve su mesa en el Restaurante Melichar Trost\u2019s y disfrute de la aut\u00e9ntica cocina checa e italiana en el entorno hist\u00f3rico de Mal\u00e1 Strana. Estamos ubicados en el centro [&hellip;]<\/p>\n","protected":false},"author":1,"featured_media":4588,"parent":0,"menu_order":0,"comment_status":"closed","ping_status":"closed","template":"elementor_header_footer","meta":{"inline_featured_image":false,"footnotes":""},"class_list":["post-4976","page","type-page","status-publish","has-post-thumbnail","hentry"],"yoast_head":"<!-- This site is optimized with the Yoast SEO plugin v24.5 - https:\/\/yoast.com\/wordpress\/plugins\/seo\/ -->\n<title>Reserva en el Restaurante Melichar Trost | Melichar Trost&#039;s<\/title>\n<meta name=\"description\" content=\"Reserva una mesa en el restaurante Melichar Trost en Mal\u00e1 Strana. Un lugar perfecto para cenas rom\u00e1nticas, celebraciones familiares y eventos corporativos. Tambi\u00e9n ofrecemos elegantes apartamentos en el centro hist\u00f3rico de Praga.\" \/>\n<meta name=\"robots\" content=\"index, follow, max-snippet:-1, max-image-preview:large, max-video-preview:-1\" \/>\n<link rel=\"canonical\" href=\"https:\/\/nicolas.melichartrosts.cz\/domains\/nicolas.melichartrosts.cz\/es\/reserva-en-el-restaurante-melichar-trost\/\" \/>\n<meta property=\"og:locale\" content=\"cs_CZ\" \/>\n<meta property=\"og:type\" content=\"article\" \/>\n<meta property=\"og:title\" content=\"Reserva en el Restaurante Melichar Trost | Melichar Trost&#039;s\" \/>\n<meta property=\"og:description\" content=\"Reserva una mesa en el restaurante Melichar Trost en Mal\u00e1 Strana. Un lugar perfecto para cenas rom\u00e1nticas, celebraciones familiares y eventos corporativos. Tambi\u00e9n ofrecemos elegantes apartamentos en el centro hist\u00f3rico de Praga.\" \/>\n<meta property=\"og:url\" content=\"https:\/\/nicolas.melichartrosts.cz\/domains\/nicolas.melichartrosts.cz\/es\/reserva-en-el-restaurante-melichar-trost\/\" \/>\n<meta property=\"og:site_name\" content=\"Melichar Trost&#039;s\" \/>\n<meta property=\"article:publisher\" content=\"https:\/\/www.facebook.com\/profile.php?id=61559319917941\" \/>\n<meta property=\"article:modified_time\" content=\"2025-12-02T02:19:31+00:00\" \/>\n<meta property=\"og:image\" content=\"https:\/\/nicolas.melichartrosts.cz\/domains\/nicolas.melichartrosts.cz\/wp-content\/uploads\/2025\/01\/og.jpg\" \/>\n\t<meta property=\"og:image:width\" content=\"1200\" \/>\n\t<meta property=\"og:image:height\" content=\"675\" \/>\n\t<meta property=\"og:image:type\" content=\"image\/jpeg\" \/>\n<meta name=\"twitter:card\" content=\"summary_large_image\" \/>\n<meta name=\"twitter:label1\" content=\"Odhadovan\u00e1 doba \u010dten\u00ed\" \/>\n\t<meta name=\"twitter:data1\" content=\"3 minuty\" \/>\n<script type=\"application\/ld+json\" class=\"yoast-schema-graph\">{\"@context\":\"https:\/\/schema.org\",\"@graph\":[{\"@type\":\"WebPage\",\"@id\":\"https:\/\/nicolas.melichartrosts.cz\/domains\/nicolas.melichartrosts.cz\/es\/reserva-en-el-restaurante-melichar-trost\/\",\"url\":\"https:\/\/nicolas.melichartrosts.cz\/domains\/nicolas.melichartrosts.cz\/es\/reserva-en-el-restaurante-melichar-trost\/\",\"name\":\"Reserva en el Restaurante Melichar Trost | Melichar Trost&#039;s\",\"isPartOf\":{\"@id\":\"https:\/\/nicolas.melichartrosts.cz\/domains\/nicolas.melichartrosts.cz\/#website\"},\"primaryImageOfPage\":{\"@id\":\"https:\/\/nicolas.melichartrosts.cz\/domains\/nicolas.melichartrosts.cz\/es\/reserva-en-el-restaurante-melichar-trost\/#primaryimage\"},\"image\":{\"@id\":\"https:\/\/nicolas.melichartrosts.cz\/domains\/nicolas.melichartrosts.cz\/es\/reserva-en-el-restaurante-melichar-trost\/#primaryimage\"},\"thumbnailUrl\":\"https:\/\/nicolas.melichartrosts.cz\/domains\/nicolas.melichartrosts.cz\/wp-content\/uploads\/2025\/01\/og.jpg\",\"datePublished\":\"2025-03-02T20:17:01+00:00\",\"dateModified\":\"2025-12-02T02:19:31+00:00\",\"description\":\"Reserva una mesa en el restaurante Melichar Trost en Mal\u00e1 Strana. Un lugar perfecto para cenas rom\u00e1nticas, celebraciones familiares y eventos corporativos. Tambi\u00e9n ofrecemos elegantes apartamentos en el centro hist\u00f3rico de Praga.\",\"breadcrumb\":{\"@id\":\"https:\/\/nicolas.melichartrosts.cz\/domains\/nicolas.melichartrosts.cz\/es\/reserva-en-el-restaurante-melichar-trost\/#breadcrumb\"},\"inLanguage\":\"cs\",\"potentialAction\":[{\"@type\":\"ReadAction\",\"target\":[\"https:\/\/nicolas.melichartrosts.cz\/domains\/nicolas.melichartrosts.cz\/es\/reserva-en-el-restaurante-melichar-trost\/\"]}]},{\"@type\":\"ImageObject\",\"inLanguage\":\"cs\",\"@id\":\"https:\/\/nicolas.melichartrosts.cz\/domains\/nicolas.melichartrosts.cz\/es\/reserva-en-el-restaurante-melichar-trost\/#primaryimage\",\"url\":\"https:\/\/nicolas.melichartrosts.cz\/domains\/nicolas.melichartrosts.cz\/wp-content\/uploads\/2025\/01\/og.jpg\",\"contentUrl\":\"https:\/\/nicolas.melichartrosts.cz\/domains\/nicolas.melichartrosts.cz\/wp-content\/uploads\/2025\/01\/og.jpg\",\"width\":1200,\"height\":675,\"caption\":\"OG Logo\"},{\"@type\":\"BreadcrumbList\",\"@id\":\"https:\/\/nicolas.melichartrosts.cz\/domains\/nicolas.melichartrosts.cz\/es\/reserva-en-el-restaurante-melichar-trost\/#breadcrumb\",\"itemListElement\":[{\"@type\":\"ListItem\",\"position\":1,\"name\":\"Dom\u016f\",\"item\":\"https:\/\/nicolas.melichartrosts.cz\/domains\/nicolas.melichartrosts.cz\/cs\/\"},{\"@type\":\"ListItem\",\"position\":2,\"name\":\"Reserva en el Restaurante Melichar Trost\"}]},{\"@type\":\"WebSite\",\"@id\":\"https:\/\/nicolas.melichartrosts.cz\/domains\/nicolas.melichartrosts.cz\/#website\",\"url\":\"https:\/\/nicolas.melichartrosts.cz\/domains\/nicolas.melichartrosts.cz\/\",\"name\":\"Melichar Trost's \u2013 Restaurace & Apartm\u00e1ny v Praze\",\"description\":\"\u00datuln\u00e1 restaurace s \u010deskou a italskou kuchyn\u00ed a t\u0159emi apartm\u00e1ny na Mal\u00e9 Stran\u011b, Praha.\",\"publisher\":{\"@id\":\"https:\/\/nicolas.melichartrosts.cz\/domains\/nicolas.melichartrosts.cz\/#organization\"},\"alternateName\":\"Melichar Trost's\",\"potentialAction\":[{\"@type\":\"SearchAction\",\"target\":{\"@type\":\"EntryPoint\",\"urlTemplate\":\"https:\/\/nicolas.melichartrosts.cz\/domains\/nicolas.melichartrosts.cz\/?s={search_term_string}\"},\"query-input\":{\"@type\":\"PropertyValueSpecification\",\"valueRequired\":true,\"valueName\":\"search_term_string\"}}],\"inLanguage\":\"cs\"},{\"@type\":\"Organization\",\"@id\":\"https:\/\/nicolas.melichartrosts.cz\/domains\/nicolas.melichartrosts.cz\/#organization\",\"name\":\"Melichar Trost's\",\"url\":\"https:\/\/nicolas.melichartrosts.cz\/domains\/nicolas.melichartrosts.cz\/\",\"logo\":{\"@type\":\"ImageObject\",\"inLanguage\":\"cs\",\"@id\":\"https:\/\/nicolas.melichartrosts.cz\/domains\/nicolas.melichartrosts.cz\/#\/schema\/logo\/image\/\",\"url\":\"https:\/\/nicolas.melichartrosts.cz\/domains\/nicolas.melichartrosts.cz\/wp-content\/uploads\/2025\/01\/orel_white.png\",\"contentUrl\":\"https:\/\/nicolas.melichartrosts.cz\/domains\/nicolas.melichartrosts.cz\/wp-content\/uploads\/2025\/01\/orel_white.png\",\"width\":3200,\"height\":1800,\"caption\":\"Melichar Trost's\"},\"image\":{\"@id\":\"https:\/\/nicolas.melichartrosts.cz\/domains\/nicolas.melichartrosts.cz\/#\/schema\/logo\/image\/\"},\"sameAs\":[\"https:\/\/www.facebook.com\/profile.php?id=61559319917941\",\"https:\/\/www.instagram.com\/melichartrost\/\"]}]}<\/script>\n<!-- \/ Yoast SEO plugin. -->","yoast_head_json":{"title":"Reserva en el Restaurante Melichar Trost | Melichar Trost&#039;s","description":"Reserva una mesa en el restaurante Melichar Trost en Mal\u00e1 Strana. Un lugar perfecto para cenas rom\u00e1nticas, celebraciones familiares y eventos corporativos. Tambi\u00e9n ofrecemos elegantes apartamentos en el centro hist\u00f3rico de Praga.","robots":{"index":"index","follow":"follow","max-snippet":"max-snippet:-1","max-image-preview":"max-image-preview:large","max-video-preview":"max-video-preview:-1"},"canonical":"https:\/\/nicolas.melichartrosts.cz\/domains\/nicolas.melichartrosts.cz\/es\/reserva-en-el-restaurante-melichar-trost\/","og_locale":"cs_CZ","og_type":"article","og_title":"Reserva en el Restaurante Melichar Trost | Melichar Trost&#039;s","og_description":"Reserva una mesa en el restaurante Melichar Trost en Mal\u00e1 Strana. Un lugar perfecto para cenas rom\u00e1nticas, celebraciones familiares y eventos corporativos. Tambi\u00e9n ofrecemos elegantes apartamentos en el centro hist\u00f3rico de Praga.","og_url":"https:\/\/nicolas.melichartrosts.cz\/domains\/nicolas.melichartrosts.cz\/es\/reserva-en-el-restaurante-melichar-trost\/","og_site_name":"Melichar Trost&#039;s","article_publisher":"https:\/\/www.facebook.com\/profile.php?id=61559319917941","article_modified_time":"2025-12-02T02:19:31+00:00","og_image":[{"width":1200,"height":675,"url":"https:\/\/nicolas.melichartrosts.cz\/domains\/nicolas.melichartrosts.cz\/wp-content\/uploads\/2025\/01\/og.jpg","type":"image\/jpeg"}],"twitter_card":"summary_large_image","twitter_misc":{"Odhadovan\u00e1 doba \u010dten\u00ed":"3 minuty"},"schema":{"@context":"https:\/\/schema.org","@graph":[{"@type":"WebPage","@id":"https:\/\/nicolas.melichartrosts.cz\/domains\/nicolas.melichartrosts.cz\/es\/reserva-en-el-restaurante-melichar-trost\/","url":"https:\/\/nicolas.melichartrosts.cz\/domains\/nicolas.melichartrosts.cz\/es\/reserva-en-el-restaurante-melichar-trost\/","name":"Reserva en el Restaurante Melichar Trost | Melichar Trost&#039;s","isPartOf":{"@id":"https:\/\/nicolas.melichartrosts.cz\/domains\/nicolas.melichartrosts.cz\/#website"},"primaryImageOfPage":{"@id":"https:\/\/nicolas.melichartrosts.cz\/domains\/nicolas.melichartrosts.cz\/es\/reserva-en-el-restaurante-melichar-trost\/#primaryimage"},"image":{"@id":"https:\/\/nicolas.melichartrosts.cz\/domains\/nicolas.melichartrosts.cz\/es\/reserva-en-el-restaurante-melichar-trost\/#primaryimage"},"thumbnailUrl":"https:\/\/nicolas.melichartrosts.cz\/domains\/nicolas.melichartrosts.cz\/wp-content\/uploads\/2025\/01\/og.jpg","datePublished":"2025-03-02T20:17:01+00:00","dateModified":"2025-12-02T02:19:31+00:00","description":"Reserva una mesa en el restaurante Melichar Trost en Mal\u00e1 Strana. Un lugar perfecto para cenas rom\u00e1nticas, celebraciones familiares y eventos corporativos. Tambi\u00e9n ofrecemos elegantes apartamentos en el centro hist\u00f3rico de Praga.","breadcrumb":{"@id":"https:\/\/nicolas.melichartrosts.cz\/domains\/nicolas.melichartrosts.cz\/es\/reserva-en-el-restaurante-melichar-trost\/#breadcrumb"},"inLanguage":"cs","potentialAction":[{"@type":"ReadAction","target":["https:\/\/nicolas.melichartrosts.cz\/domains\/nicolas.melichartrosts.cz\/es\/reserva-en-el-restaurante-melichar-trost\/"]}]},{"@type":"ImageObject","inLanguage":"cs","@id":"https:\/\/nicolas.melichartrosts.cz\/domains\/nicolas.melichartrosts.cz\/es\/reserva-en-el-restaurante-melichar-trost\/#primaryimage","url":"https:\/\/nicolas.melichartrosts.cz\/domains\/nicolas.melichartrosts.cz\/wp-content\/uploads\/2025\/01\/og.jpg","contentUrl":"https:\/\/nicolas.melichartrosts.cz\/domains\/nicolas.melichartrosts.cz\/wp-content\/uploads\/2025\/01\/og.jpg","width":1200,"height":675,"caption":"OG Logo"},{"@type":"BreadcrumbList","@id":"https:\/\/nicolas.melichartrosts.cz\/domains\/nicolas.melichartrosts.cz\/es\/reserva-en-el-restaurante-melichar-trost\/#breadcrumb","itemListElement":[{"@type":"ListItem","position":1,"name":"Dom\u016f","item":"https:\/\/nicolas.melichartrosts.cz\/domains\/nicolas.melichartrosts.cz\/cs\/"},{"@type":"ListItem","position":2,"name":"Reserva en el Restaurante Melichar Trost"}]},{"@type":"WebSite","@id":"https:\/\/nicolas.melichartrosts.cz\/domains\/nicolas.melichartrosts.cz\/#website","url":"https:\/\/nicolas.melichartrosts.cz\/domains\/nicolas.melichartrosts.cz\/","name":"Melichar Trost's \u2013 Restaurace & Apartm\u00e1ny v Praze","description":"\u00datuln\u00e1 restaurace s \u010deskou a italskou kuchyn\u00ed a t\u0159emi apartm\u00e1ny na Mal\u00e9 Stran\u011b, Praha.","publisher":{"@id":"https:\/\/nicolas.melichartrosts.cz\/domains\/nicolas.melichartrosts.cz\/#organization"},"alternateName":"Melichar Trost's","potentialAction":[{"@type":"SearchAction","target":{"@type":"EntryPoint","urlTemplate":"https:\/\/nicolas.melichartrosts.cz\/domains\/nicolas.melichartrosts.cz\/?s={search_term_string}"},"query-input":{"@type":"PropertyValueSpecification","valueRequired":true,"valueName":"search_term_string"}}],"inLanguage":"cs"},{"@type":"Organization","@id":"https:\/\/nicolas.melichartrosts.cz\/domains\/nicolas.melichartrosts.cz\/#organization","name":"Melichar Trost's","url":"https:\/\/nicolas.melichartrosts.cz\/domains\/nicolas.melichartrosts.cz\/","logo":{"@type":"ImageObject","inLanguage":"cs","@id":"https:\/\/nicolas.melichartrosts.cz\/domains\/nicolas.melichartrosts.cz\/#\/schema\/logo\/image\/","url":"https:\/\/nicolas.melichartrosts.cz\/domains\/nicolas.melichartrosts.cz\/wp-content\/uploads\/2025\/01\/orel_white.png","contentUrl":"https:\/\/nicolas.melichartrosts.cz\/domains\/nicolas.melichartrosts.cz\/wp-content\/uploads\/2025\/01\/orel_white.png","width":3200,"height":1800,"caption":"Melichar Trost's"},"image":{"@id":"https:\/\/nicolas.melichartrosts.cz\/domains\/nicolas.melichartrosts.cz\/#\/schema\/logo\/image\/"},"sameAs":["https:\/\/www.facebook.com\/profile.php?id=61559319917941","https:\/\/www.instagram.com\/melichartrost\/"]}]}},"lang":"es","translations":{"es":4976,"cs":4544,"en":4972,"de":4973,"fr":4974,"it":4975},"pll_sync_post":[],"_links":{"self":[{"href":"https:\/\/nicolas.melichartrosts.cz\/domains\/nicolas.melichartrosts.cz\/wp-json\/wp\/v2\/pages\/4976","targetHints":{"allow":["GET"]}}],"collection":[{"href":"https:\/\/nicolas.melichartrosts.cz\/domains\/nicolas.melichartrosts.cz\/wp-json\/wp\/v2\/pages"}],"about":[{"href":"https:\/\/nicolas.melichartrosts.cz\/domains\/nicolas.melichartrosts.cz\/wp-json\/wp\/v2\/types\/page"}],"author":[{"embeddable":true,"href":"https:\/\/nicolas.melichartrosts.cz\/domains\/nicolas.melichartrosts.cz\/wp-json\/wp\/v2\/users\/1"}],"replies":[{"embeddable":true,"href":"https:\/\/nicolas.melichartrosts.cz\/domains\/nicolas.melichartrosts.cz\/wp-json\/wp\/v2\/comments?post=4976"}],"version-history":[{"count":10,"href":"https:\/\/nicolas.melichartrosts.cz\/domains\/nicolas.melichartrosts.cz\/wp-json\/wp\/v2\/pages\/4976\/revisions"}],"predecessor-version":[{"id":5568,"href":"https:\/\/nicolas.melichartrosts.cz\/domains\/nicolas.melichartrosts.cz\/wp-json\/wp\/v2\/pages\/4976\/revisions\/5568"}],"wp:featuredmedia":[{"embeddable":true,"href":"https:\/\/nicolas.melichartrosts.cz\/domains\/nicolas.melichartrosts.cz\/wp-json\/wp\/v2\/media\/4588"}],"wp:attachment":[{"href":"https:\/\/nicolas.melichartrosts.cz\/domains\/nicolas.melichartrosts.cz\/wp-json\/wp\/v2\/media?parent=4976"}],"curies":[{"name":"wp","href":"https:\/\/api.w.org\/{rel}","templated":true}]}}